{"id":1903,"date":"2024-12-20T13:59:52","date_gmt":"2024-12-20T05:59:52","guid":{"rendered":"https:\/\/huaruicnclaser.com\/?post_type=product&#038;p=1903"},"modified":"2024-12-20T13:59:52","modified_gmt":"2024-12-20T05:59:52","slug":"cnc-woodworking-machine","status":"publish","type":"product","link":"https:\/\/huaruicnclaser.com\/ar\/product\/cnc-woodworking-machine\/","title":{"rendered":"\u062c\u0647\u0627\u0632 \u0627\u0644\u062a\u0648\u062c\u064a\u0647 \u0628\u0627\u0633\u062a\u062e\u062f\u0627\u0645 \u0627\u0644\u062d\u0627\u0633\u0628 \u0627\u0644\u0622\u0644\u064a \u0644\u0644\u0623\u0639\u0645\u0627\u0644 \u0627\u0644\u062e\u0634\u0628\u064a\u0629"},"content":{"rendered":"<p><img fetchpriority=\"high\" decoding=\"async\" class=\"alignnone size-full wp-image-1904\" src=\"https:\/\/huaruicnclaser.com\/wp-content\/uploads\/2024\/12\/CN-router.jpg\" alt=\"\" width=\"800\" height=\"535\" srcset=\"https:\/\/huaruicnclaser.com\/wp-content\/uploads\/2024\/12\/CN-router.jpg 800w, https:\/\/huaruicnclaser.com\/wp-content\/uploads\/2024\/12\/CN-router-300x201.jpg 300w, https:\/\/huaruicnclaser.com\/wp-content\/uploads\/2024\/12\/CN-router-768x514.jpg 768w, https:\/\/huaruicnclaser.com\/wp-content\/uploads\/2024\/12\/CN-router-18x12.jpg 18w\" sizes=\"(max-width: 800px) 100vw, 800px\" \/><\/p>\n<p>HUARUI CNC ROUTER Woodworking machine is mainly used for wood processing, crystal, copper, aluminum, etc. to make it more beautiful. There are many types of woodworking engraving machines and many brands, which leads to uneven prices.<br \/>\nThe style is customized according to customer needs. It can be applied to wood industry, advertising signs, furniture manufacturing, toy and gift manufacturing, decoration industry, PCB production, etc.<\/p>\n<p>Large-format machines include 1200mm\u00d71200mm, 1200mm\u00d71500mm, 1200mm\u00d72400mm, 1300mm\u00d72500mm, 1500mm\u00d72400mm, and 2400mm\u00d73000mm. The feed width of the above models exceeds 1350mm. The size of plexiglass and PVC boards on the market is 1220mm\u00d72440mm, so these models are more suitable for customers who need large-format engraving machines.<\/p>\n<table style=\"height: 819px;\" width=\"611\">\n<tbody>\n<tr>\n<td colspan=\"2\" width=\"438\"><strong><b>\u0627\u0644\u0645\u0648\u0627\u0635\u0641\u0627\u062a<\/b><\/strong><\/td>\n<td width=\"429\"><strong><b>1325<\/b><\/strong><\/td>\n<\/tr>\n<tr>\n<td colspan=\"2\" width=\"438\"><strong><b>\u0627\u0644\u062d\u062c\u0645<\/b><\/strong><\/td>\n<td width=\"429\"><strong><b>3000*2100*1700<\/b><\/strong><\/td>\n<\/tr>\n<tr>\n<td colspan=\"2\" width=\"438\"><strong><b>\u062d\u062c\u0645 \u0627\u0644\u0639\u0645\u0644<\/b><\/strong><strong><b>\uff08X*Y*Z\uff09 \u0645\u0645<\/b><\/strong><\/td>\n<td width=\"429\"><strong><b>1300*2500*200<\/b><\/strong><\/td>\n<\/tr>\n<tr>\n<td rowspan=\"4\" width=\"241\"><strong><b>\u0627\u0644\u0645\u063a\u0632\u0644<\/b><\/strong><\/td>\n<td width=\"197\"><strong><b>\u0627\u0644\u0639\u0644\u0627\u0645\u0629 \u0627\u0644\u062a\u062c\u0627\u0631\u064a\u0629<\/b><\/strong><\/td>\n<td width=\"429\"><strong><b>\u0634\u0648\u0646\u062a\u0648\u0646\u062c<\/b><\/strong><\/td>\n<\/tr>\n<tr>\n<td width=\"197\"><strong><b>\u0627\u0644\u0637\u0627\u0642\u0629<\/b><\/strong><\/td>\n<td width=\"429\"><strong><b>7.5 \u0643\u064a\u0644\u0648 \u0648\u0627\u0637<\/b><\/strong><\/td>\n<\/tr>\n<tr>\n<td width=\"197\"><strong><b>\u0627\u0644\u062a\u0628\u0631\u064a\u062f<\/b><\/strong><\/td>\n<td width=\"429\"><strong><b>\u062a\u0628\u0631\u064a\u062f \u0627\u0644\u0647\u0648\u0627\u0621<\/b><\/strong><\/td>\n<\/tr>\n<tr>\n<td width=\"197\"><strong><b>\u062f\u0648\u0631\u0629 \u0641\u064a \u0627\u0644\u062f\u0642\u064a\u0642\u0629<\/b><\/strong><\/td>\n<td width=\"429\"><strong><b>18000 \u062f\u0648\u0631\u0629 \u0641\u064a \u0627\u0644\u062f\u0642\u064a\u0642\u0629 ^ \u062f\u0642\u064a\u0642\u0629<\/b><\/strong><\/td>\n<\/tr>\n<tr>\n<td rowspan=\"2\" width=\"241\"><strong><b>\u0646\u0638\u0627\u0645 \u0627\u0644\u0633\u0627\u0626\u0642<\/b><\/strong><\/td>\n<td width=\"197\"><strong><b>\u0627\u0644\u0646\u0648\u0639<\/b><\/strong><strong><b>\u00a0<\/b><\/strong><\/td>\n<td width=\"429\"><strong><b>\u0627\u0644\u0631\u0641<\/b><\/strong><\/td>\n<\/tr>\n<tr>\n<td width=\"197\"><strong><b>\u0633\u0627\u0626\u0642<\/b><\/strong><\/td>\n<td width=\"429\"><strong><b>\u0645\u0624\u0627\u0632\u0631 \u0644\u064a\u0633\u0627\u064a 750 \u0648\u0627\u0637<\/b><\/strong><\/td>\n<\/tr>\n<tr>\n<td colspan=\"2\" width=\"438\"><strong><b>C<\/b><\/strong><strong><b>\u0646\u0638\u0627\u0645 \u0627\u0644\u062a\u062d\u0643\u0645<\/b><\/strong><\/td>\n<td width=\"429\"><strong><b>DSP <\/b><\/strong><strong><b>A11<\/b><\/strong><\/td>\n<\/tr>\n<tr>\n<td colspan=\"2\" width=\"438\"><strong><b>\u0627\u0644\u062f\u0644\u064a\u0644 \u0627\u0644\u062e\u0637\u064a<\/b><\/strong><\/td>\n<td width=\"429\"><strong><b>\u062f\u0644\u064a\u0644 \u0627\u0644\u0645\u0631\u0628\u0639 <\/b><\/strong><strong><b>25<\/b><\/strong><\/td>\n<\/tr>\n<tr>\n<td colspan=\"2\" width=\"438\"><strong><b>\u0627\u0644\u0645\u0633\u0645\u0627\u0631<\/b><\/strong><\/td>\n<td width=\"429\"><strong><b>TBR<\/b><\/strong><\/td>\n<\/tr>\n<tr>\n<td colspan=\"2\" width=\"438\"><strong><b>\u0646\u0648\u0639 \u0627\u0644\u062c\u062f\u0648\u0644<\/b><\/strong><\/td>\n<td width=\"429\"><strong><b>\u0627\u0644\u0645\u0644\u0641 \u0627\u0644\u0634\u062e\u0635\u064a\/\u0627\u0644\u0641\u0631\u0627\u063a<\/b><\/strong><\/td>\n<\/tr>\n<tr>\n<td colspan=\"2\" width=\"438\"><strong><b>\u0646\u0638\u0627\u0645 \u0627\u0644\u062a\u0634\u062d\u064a\u0645<\/b><\/strong><\/td>\n<td width=\"429\"><strong><b>\u064a\u062f\u0648\u064a<\/b><\/strong><strong><b>\/\u0623\u0648\u062a\u0648\u0645\u0627\u062a\u064a\u0643\u064a\/\u0634\u0628\u0647 \u0623\u0648\u062a\u0648\u0645\u0627\u062a\u064a\u0643\u064a<\/b><\/strong><\/td>\n<\/tr>\n<tr>\n<td colspan=\"2\" width=\"438\"><strong><b>\u0627\u0644\u0645\u062e\u0641\u0636<\/b><\/strong><\/td>\n<td width=\"429\"><strong><b>\u0634\u064a\u0645\u0628\u0648<\/b><\/strong><\/td>\n<\/tr>\n<tr>\n<td rowspan=\"2\" width=\"241\"><strong><b>\u0627\u0644\u0645\u0643\u0646\u0633\u0629 \u0627\u0644\u0643\u0647\u0631\u0628\u0627\u0626\u064a\u0629<\/b><\/strong><\/td>\n<td width=\"197\"><strong><b>\u0627\u0644\u0637\u0627\u0642\u0629<\/b><\/strong><\/td>\n<td width=\"429\"><strong><b>7.5<\/b><\/strong><\/td>\n<\/tr>\n<tr>\n<td width=\"197\"><strong><b>\u0627\u0644\u062a\u0628\u0631\u064a\u062f<\/b><\/strong><\/td>\n<td width=\"429\"><strong><b>\u062a\u0628\u0631\u064a\u062f \u0627\u0644\u0645\u064a\u0627\u0647<\/b><\/strong><\/td>\n<\/tr>\n<tr>\n<td colspan=\"2\" width=\"438\"><strong><b>\u062a\u0646\u0633\u064a\u0642 \u0627\u0644\u0645\u0644\u0641<\/b><\/strong><\/td>\n<td width=\"429\"><strong><b>\u0631\u0645\u0632 G<\/b><\/strong><\/td>\n<\/tr>\n<tr>\n<td colspan=\"2\" width=\"438\"><strong><b>\u0633\u0631\u064a\u0631<\/b><\/strong><\/td>\n<td width=\"429\"><strong><b>\u0644\u062d\u0627\u0645 \u0627\u0644\u0623\u0646\u0627\u0628\u064a\u0628 \u0627\u0644\u062b\u0642\u064a\u0644\u0629<\/b><\/strong><\/td>\n<\/tr>\n<tr>\n<td rowspan=\"3\" width=\"241\"><strong><b>\u0633\u0631\u0639\u0629 \u0627\u0644\u062d\u0631\u0643\u0629<\/b><\/strong><\/td>\n<td width=\"197\"><strong><b>X<\/b><\/strong><strong><b>\u00a0\u0627\u0644\u0645\u062d\u0648\u0631<\/b><\/strong><\/td>\n<td width=\"429\"><strong><b>3<\/b><\/strong><strong><b>-30<\/b><\/strong><strong><b>\u0645\/\u062f\u0642\u064a\u0642\u0629<\/b><\/strong><\/td>\n<\/tr>\n<tr>\n<td width=\"197\"><strong><em><b><i>Y<\/i><\/b><\/em><\/strong><strong><em><b><i>\u00a0\u0627\u0644\u0645\u062d\u0648\u0631<\/i><\/b><\/em><\/strong><\/td>\n<td width=\"429\"><strong><b>3<\/b><\/strong><strong><b>-30<\/b><\/strong><strong><b>\u0645\/\u062f\u0642\u064a\u0642\u0629<\/b><\/strong><\/td>\n<\/tr>\n<tr>\n<td width=\"197\"><strong><b>Z<\/b><\/strong><strong><b>\u00a0\u0627\u0644\u0645\u062d\u0648\u0631<\/b><\/strong><\/td>\n<td width=\"429\"><strong><b>5 \u0645\/\u062f\u0642\u064a\u0642\u0629<\/b><\/strong><\/td>\n<\/tr>\n<tr>\n<td rowspan=\"4\" width=\"241\"><strong><b>\u0633\u0631\u0639\u0629 \u0627\u0644\u0645\u0639\u0627\u0644\u062c\u0629 \u0627\u0644\u0642\u0635\u0648\u0649<\/b><\/strong><\/td>\n<td width=\"197\"><strong><b>X<\/b><\/strong><strong><b>\u00a0\u0627\u0644\u0645\u062d\u0648\u0631<\/b><\/strong><\/td>\n<td width=\"429\"><strong><b>3<\/b><\/strong><strong><b>-20<\/b><\/strong><strong><b>\u0645\/\u062f\u0642\u064a\u0642\u0629<\/b><\/strong><\/td>\n<\/tr>\n<tr>\n<td width=\"197\"><strong><em><b><i>Y<\/i><\/b><\/em><\/strong><strong><em><b><i>\u00a0\u0627\u0644\u0645\u062d\u0648\u0631<\/i><\/b><\/em><\/strong><\/td>\n<td width=\"429\"><strong><b>3<\/b><\/strong><strong><b>-20<\/b><\/strong><strong><b>\u0645\/\u062f\u0642\u064a\u0642\u0629<\/b><\/strong><\/td>\n<\/tr>\n<tr>\n<td width=\"197\"><strong><b>Z<\/b><\/strong><strong><b>\u00a0\u0627\u0644\u0645\u062d\u0648\u0631<\/b><\/strong><\/td>\n<td width=\"429\"><strong><b>5 \u0645\/\u062f\u0642\u064a\u0642\u0629<\/b><\/strong><\/td>\n<\/tr>\n<tr>\n<td width=\"197\"><strong><b>\u0638\u0631\u0641 \u0643\u0648\u0644\u064a\u062a<\/b><\/strong><\/td>\n<td width=\"429\"><strong><b>ER25<\/b><\/strong><\/td>\n<\/tr>\n<tr>\n<td colspan=\"2\" width=\"438\"><strong><b>\u0643\u0647\u0631\u0628\u0627\u0626\u064a<\/b><\/strong><\/td>\n<td width=\"429\"><strong><b>380V<\/b><\/strong><\/td>\n<\/tr>\n<tr>\n<td colspan=\"2\" width=\"438\"><strong><b>\u00a0\u00a0\u00a0\u00a0\u00a0\u00a0\u00a0\u00a0\u00a0\u00a0\u00a0\u00a0\u00a0\u0627\u0644\u0648\u0632\u0646 \u0627\u0644\u0625\u062c\u0645\u0627\u0644\u064a<\/b><\/strong><\/td>\n<td width=\"429\"><strong><b>1.5T<\/b><\/strong><\/td>\n<\/tr>\n<tr>\n<td colspan=\"2\" width=\"438\"><strong><b>\u0627\u0644\u0637\u0627\u0642\u0629 \u0627\u0644\u0643\u0627\u0645\u0644\u0629<\/b><\/strong><\/td>\n<td width=\"429\"><strong><b>15 \u0643\u064a\u0644\u0648 \u0648\u0627\u062a<\/b><\/strong><\/td>\n<\/tr>\n<\/tbody>\n<\/table>\n<p>&nbsp;<\/p>\n<p><strong>\u0643\u064a\u0641\u064a\u0629 \u0627\u0644\u0642\u064a\u0627\u0645 \u0628\u0635\u064a\u0627\u0646\u0629 \u0627\u0644\u0645\u0627\u0643\u064a\u0646\u0629:<\/strong><br \/>\nAfter using the machine for a long time, it will make a trigger sound and a slightly sharp metal friction sound when it is turned on, and the wood chips will pile up in the vent hole. At this time, it is time for maintenance.<\/p>\n<p>I. Prepare tools<br \/>\n1. Flat screwdriver<br \/>\n2. Cross screwdriver<br \/>\n3. Needle-nose pliers<br \/>\n4. Universal needle oil (available in hardware stores)<br \/>\n5. Small brush<br \/>\nII. Maintenance steps<br \/>\n1. Unplug the power cord. Safety first.<br \/>\n2. Remove the plastic sheath, take the cross screwdriver and turn it counterclockwise to loosen the two screws.<br \/>\n3. Take a flat screwdriver and unscrew the left and right pairs of carbon brush screws counterclockwise, use needle-nose pliers to remove the carbon brush, and carefully remember the installation position of the carbon brush so that it can be restored smoothly.<br \/>\n4. Use a brush to clean the dust on the carbon brush. If you have an air spray gun, spray it lightly.<br \/>\n5. The outer shell should be slightly opened with force.<br \/>\n6. Use your fingers to rotate the motor shaft to see if there is a trigger sound or metal friction sound.<br \/>\n7. Make sure there is no dust, use universal sewing oil, drop a little on the ring into the gap, and screw down the shaft with your fingers to ensure that the oil is absorbed.<br \/>\n8. Wipe off the remaining oil, otherwise it will be rubbed with dust in the future.<br \/>\n9. Follow the above steps to restore the equipment.<br \/>\n10. After tightening the screws, turn them with your fingers first to see if they are smooth and whether the carbon brushes are installed well. Make sure there are no abnormalities.<br \/>\n11. Plug in and turn on the machine until the startup sound is normal!<\/p>\n<p><strong>\u0627\u062d\u062a\u064a\u0627\u0637\u0627\u062a \u0627\u0644\u0627\u0633\u062a\u062e\u062f\u0627\u0645<br \/>\n<\/strong>1. After setting the engraving position, the X, Y, and Z axis workpiece coordinates must all be set to &#8220;0&#8221;.<br \/>\n2. Adjust the engraving speed and spindle motor speed to prevent the knife from breaking due to excessive speed or too slow speed during engraving.<br \/>\n<span style=\"font-family: var(--global-body-font-family);\">3. \u0639\u0646\u062f \u0636\u0628\u0637 \u0627\u0644\u0623\u062f\u0627\u0629 \u062a\u0644\u0642\u0627\u0626\u064a\u064b\u0627\u060c \u0627\u0646\u062a\u0628\u0647 \u0625\u0644\u0649 \u062d\u0642\u064a\u0642\u0629 \u0623\u0646 \u0643\u062a\u0644\u0629 \u0627\u0644\u0623\u062f\u0627\u0629 \u064a\u062c\u0628 \u0623\u0646 \u062a\u0643\u0648\u0646 \u0645\u0639\u0632\u0648\u0644\u0629 \u0639\u0646 \u0637\u0627\u0648\u0644\u0629 \u0627\u0644\u0623\u0644\u0648\u0645\u0646\u064a\u0648\u0645 \u0644\u0645\u0627\u0643\u064a\u0646\u0629 \u0627\u0644\u0646\u0642\u0634.<br \/>\n<\/span><span style=\"font-family: var(--global-body-font-family);\">4. \u0639\u0646\u062f \u0627\u0644\u062d\u0641\u0631\u060c \u0625\u0630\u0627 \u0644\u0645 \u062a\u0643\u0646 \u0645\u062a\u0623\u0643\u062f\u064b\u0627 \u0645\u0646 \u0627\u0644\u0642\u0637\u0639 \u0627\u0644\u0623\u0648\u0644 \u0623\u0648 \u0643\u0646\u062a \u062e\u0627\u0626\u0641\u064b\u0627 \u0645\u0646 \u0627\u0631\u062a\u0643\u0627\u0628 \u0623\u062e\u0637\u0627\u0621\u060c \u064a\u0645\u0643\u0646\u0643 \u0625\u0628\u0637\u0627\u0621 \u0633\u0631\u0639\u0629 \u0627\u0644\u062a\u063a\u0630\u064a\u0629 \u0648\u0636\u0628\u0637 \u0627\u0644\u0633\u0631\u0639\u0629 \u0645\u0631\u0629 \u0623\u062e\u0631\u0649 \u0625\u0644\u0649 \u0648\u0636\u0639\u0647\u0627 \u0627\u0644\u0637\u0628\u064a\u0639\u064a \u0639\u0646\u062f\u0645\u0627 \u062a\u0639\u062a\u0642\u062f \u0623\u0646 \u0627\u0644\u0646\u0642\u0634 \u0637\u0628\u064a\u0639\u064a\u061b \u064a\u0645\u0643\u0646\u0643 \u0623\u064a\u0636\u064b\u0627 \u0645\u062d\u0627\u0643\u0627\u0629 \u0627\u0644\u0646\u0642\u0634 \u0641\u064a \u0639\u0645\u0644\u064a\u0629 \u0627\u0644\u062a\u0628\u0627\u0637\u0624 \u0644\u0645\u0639\u0631\u0641\u0629 \u0645\u0627 \u0625\u0630\u0627 \u0643\u0627\u0646 \u0637\u0628\u064a\u0639\u064a\u064b\u0627.<br \/>\n<\/span><span style=\"font-family: var(--global-body-font-family);\">5. \u0625\u0630\u0627 \u0644\u0645 \u064a\u062a\u0645 \u0627\u0633\u062a\u062e\u062f\u0627\u0645 \u0645\u0627\u0643\u064a\u0646\u0629 \u0646\u0642\u0634 \u0627\u0644\u062e\u0634\u0628 \u0644\u0641\u062a\u0631\u0629 \u0637\u0648\u064a\u0644\u0629\u060c \u0641\u064a\u062c\u0628 \u0625\u0639\u0627\u062f\u0629 \u062a\u0632\u0648\u064a\u062f\u0647\u0627 \u0628\u0627\u0644\u0648\u0642\u0648\u062f \u0648\u062a\u062b\u0628\u064a\u062a\u0647\u0627 \u0628\u0627\u0646\u062a\u0638\u0627\u0645 \u0643\u0644 \u0623\u0633\u0628\u0648\u0639\u060c \u0648\u064a\u0641\u0636\u0644 \u0623\u0646 \u064a\u0643\u0648\u0646 \u0630\u0644\u0643 \u0643\u0644 \u0623\u0633\u0628\u0648\u0639\u060c \u0644\u0636\u0645\u0627\u0646 \u0645\u0631\u0648\u0646\u0629 \u0646\u0638\u0627\u0645 \u0627\u0644\u0646\u0642\u0644.<br \/>\n<\/span><span style=\"font-family: var(--global-body-font-family);\">6. \u064a\u062c\u0628 \u0623\u0646 \u064a\u0643\u0648\u0646 \u0648\u0642\u062a \u0627\u0644\u062a\u0634\u063a\u064a\u0644 \u0627\u0644\u0645\u0633\u062a\u0645\u0631 \u0644\u0645\u0627\u0643\u064a\u0646\u0629 \u0627\u0644\u0646\u0642\u0634 \u0639\u0644\u0649 \u0627\u0644\u062e\u0634\u0628 \u0623\u0642\u0644 \u0645\u0646 10 \u0633\u0627\u0639\u0627\u062a\/\u064a\u0648\u0645\u064a\u064b\u0627\u061b \u062a\u0623\u0643\u062f \u0645\u0646 \u0646\u0638\u0627\u0641\u0629 \u0645\u064a\u0627\u0647 \u0627\u0644\u062a\u0628\u0631\u064a\u062f \u0648\u0627\u0644\u062a\u0634\u063a\u064a\u0644 \u0627\u0644\u0639\u0627\u062f\u064a \u0644\u0645\u0636\u062e\u0629 \u0627\u0644\u0645\u064a\u0627\u0647. \u0644\u0627 \u062a\u062f\u0639 \u0623\u0628\u062f\u064b\u0627 \u0645\u062d\u0631\u0643 \u0627\u0644\u0645\u063a\u0632\u0644 \u0627\u0644\u0645\u0628\u0631\u062f \u0628\u0627\u0644\u0645\u0627\u0621 \u064a\u0641\u062a\u0642\u0631 \u0625\u0644\u0649 \u0627\u0644\u0645\u0627\u0621. \u0642\u0645 \u0628\u062a\u063a\u064a\u064a\u0631 \u0645\u0627\u0621 \u0627\u0644\u062a\u0628\u0631\u064a\u062f \u0628\u0627\u0646\u062a\u0638\u0627\u0645 \u0644\u0645\u0646\u0639 \u0627\u0631\u062a\u0641\u0627\u0639 \u062f\u0631\u062c\u0629 \u062d\u0631\u0627\u0631\u0629 \u0627\u0644\u0645\u0627\u0621 \u0623\u0643\u062b\u0631 \u0645\u0646 \u0627\u0644\u0644\u0627\u0632\u0645. \u0642\u0645 \u0628\u062a\u062f\u0648\u064a\u0631 \u0623\u0643\u0628\u0631 \u0643\u0645\u064a\u0629 \u0645\u0645\u0643\u0646\u0629 \u0645\u0646 \u0627\u0644\u0645\u064a\u0627\u0647\u060c \u0648\u064a\u0645\u0643\u0646\u0643 \u0627\u0633\u062a\u0628\u062f\u0627\u0644\u0647\u0627 \u0628\u062e\u0632\u0627\u0646 \u0645\u064a\u0627\u0647 \u0643\u0628\u064a\u0631 \u0627\u0644\u0633\u0639\u0629.<br \/>\n<\/span><span style=\"font-family: var(--global-body-font-family);\">7. \u0628\u0639\u062f \u0627\u0633\u062a\u062e\u062f\u0627\u0645 \u0622\u0644\u0629 \u0646\u0642\u0634 \u0627\u0644\u062e\u0634\u0628 \u0641\u064a \u0643\u0644 \u0645\u0631\u0629\u060c \u0627\u0646\u062a\u0628\u0647 \u0625\u0644\u0649 \u0627\u0644\u062a\u0646\u0638\u064a\u0641. \u064a\u062c\u0628 \u062a\u0646\u0638\u064a\u0641 \u0627\u0644\u063a\u0628\u0627\u0631 \u0627\u0644\u0645\u0648\u062c\u0648\u062f \u0639\u0644\u0649 \u0627\u0644\u0645\u0646\u0635\u0629 \u0648\u0646\u0638\u0627\u0645 \u0627\u0644\u0646\u0642\u0644\u061b \u064a\u062c\u0628 \u062a\u0634\u062d\u064a\u0645 \u0645\u062d\u0627\u0648\u0631 \u0646\u0638\u0627\u0645 \u0627\u0644\u0646\u0642\u0644 X \u0648 Y \u0648 Z \u0628\u0627\u0646\u062a\u0638\u0627\u0645.<br \/>\n<\/span><span style=\"font-family: var(--global-body-font-family);\">8. \u064a\u062c\u0628 \u0623\u0646 \u064a\u0631\u062a\u062f\u064a \u0627\u0644\u0645\u0634\u063a\u0644\u0648\u0646 \u0623\u0642\u0646\u0639\u0629 \u0648\u0627\u0642\u064a\u0629 \u0645\u0646 \u0627\u0644\u063a\u0628\u0627\u0631 \u0648\u0646\u0638\u0627\u0631\u0627\u062a \u0648\u0627\u0642\u064a\u0629 \u0639\u0646\u062f \u062a\u0634\u063a\u064a\u0644 \u0645\u0627\u0643\u064a\u0646\u0629 \u0646\u0642\u0634 \u0627\u0644\u062e\u0634\u0628 \u0644\u062a\u062c\u0646\u0628 \u0627\u0644\u063a\u0628\u0627\u0631 \u0627\u0644\u0645\u062a\u0648\u0644\u062f \u0623\u062b\u0646\u0627\u0621 \u0627\u0644\u0645\u0639\u0627\u0644\u062c\u0629 \u0645\u0646 \u063a\u0632\u0648 \u062c\u0633\u0645 \u0627\u0644\u0625\u0646\u0633\u0627\u0646 \u0648\u0627\u0644\u062a\u0633\u0628\u0628 \u0641\u064a \u0639\u062f\u0645 \u0627\u0644\u0631\u0627\u062d\u0629.<br \/>\n<\/span><span style=\"font-family: var(--global-body-font-family);\">9. \u062a\u062a\u0645\u062b\u0644 \u0637\u0631\u064a\u0642\u0629 \u0627\u0644\u0635\u064a\u0627\u0646\u0629 \u0627\u0644\u064a\u0648\u0645\u064a\u0629 \u0644\u0622\u0644\u0629 \u0646\u0642\u0634 \u0627\u0644\u062e\u0634\u0628 \u0641\u064a \u0625\u0636\u0627\u0641\u0629 \u062c\u0647\u0627\u0632 \u0645\u0639\u064a\u0646 \u0644\u0625\u0632\u0627\u0644\u0629 \u0627\u0644\u063a\u0628\u0627\u0631 \u0625\u0644\u0649 \u0622\u0644\u0629 \u0646\u0642\u0634 \u0627\u0644\u062e\u0634\u0628\u060c \u0648\u0627\u062e\u062a\u064a\u0627\u0631 \u0645\u0639\u062f\u0627\u062a \u0625\u0632\u0627\u0644\u0629 \u0627\u0644\u063a\u0628\u0627\u0631 \u0644\u0644\u0627\u0633\u062a\u062e\u062f\u0627\u0645 \u0627\u0644\u0645\u0637\u0627\u0628\u0642.<\/span><\/p>\n<p><img decoding=\"async\" class=\"alignnone size-full wp-image-1905\" src=\"https:\/\/huaruicnclaser.com\/wp-content\/uploads\/2024\/12\/\u5fae\u4fe1\u56fe\u7247_20241220103602.jpg\" alt=\"\" width=\"685\" height=\"516\" srcset=\"https:\/\/huaruicnclaser.com\/wp-content\/uploads\/2024\/12\/\u5fae\u4fe1\u56fe\u7247_20241220103602.jpg 685w, https:\/\/huaruicnclaser.com\/wp-content\/uploads\/2024\/12\/\u5fae\u4fe1\u56fe\u7247_20241220103602-300x226.jpg 300w, https:\/\/huaruicnclaser.com\/wp-content\/uploads\/2024\/12\/\u5fae\u4fe1\u56fe\u7247_20241220103602-16x12.jpg 16w\" sizes=\"(max-width: 685px) 100vw, 685px\" \/> <img decoding=\"async\" class=\"alignnone size-full wp-image-1906\" src=\"https:\/\/huaruicnclaser.com\/wp-content\/uploads\/2024\/12\/\u5fae\u4fe1\u56fe\u7247_20241220103614.jpg\" alt=\"\" width=\"752\" height=\"587\" srcset=\"https:\/\/huaruicnclaser.com\/wp-content\/uploads\/2024\/12\/\u5fae\u4fe1\u56fe\u7247_20241220103614.jpg 752w, https:\/\/huaruicnclaser.com\/wp-content\/uploads\/2024\/12\/\u5fae\u4fe1\u56fe\u7247_20241220103614-300x234.jpg 300w, https:\/\/huaruicnclaser.com\/wp-content\/uploads\/2024\/12\/\u5fae\u4fe1\u56fe\u7247_20241220103614-15x12.jpg 15w\" sizes=\"(max-width: 752px) 100vw, 752px\" \/> <img loading=\"lazy\" decoding=\"async\" class=\"alignnone  wp-image-1907\" src=\"https:\/\/huaruicnclaser.com\/wp-content\/uploads\/2024\/12\/\u5fae\u4fe1\u56fe\u7247_20241220103631.jpg\" alt=\"\" width=\"666\" height=\"499\" srcset=\"https:\/\/huaruicnclaser.com\/wp-content\/uploads\/2024\/12\/\u5fae\u4fe1\u56fe\u7247_20241220103631.jpg 800w, https:\/\/huaruicnclaser.com\/wp-content\/uploads\/2024\/12\/\u5fae\u4fe1\u56fe\u7247_20241220103631-300x225.jpg 300w, https:\/\/huaruicnclaser.com\/wp-content\/uploads\/2024\/12\/\u5fae\u4fe1\u56fe\u7247_20241220103631-768x576.jpg 768w, https:\/\/huaruicnclaser.com\/wp-content\/uploads\/2024\/12\/\u5fae\u4fe1\u56fe\u7247_20241220103631-16x12.jpg 16w\" sizes=\"(max-width: 666px) 100vw, 666px\" \/> <img loading=\"lazy\" decoding=\"async\" class=\"alignnone  wp-image-1908\" src=\"https:\/\/huaruicnclaser.com\/wp-content\/uploads\/2024\/12\/\u5fae\u4fe1\u56fe\u7247_20241220103644.jpg\" alt=\"\" width=\"668\" height=\"554\" srcset=\"https:\/\/huaruicnclaser.com\/wp-content\/uploads\/2024\/12\/\u5fae\u4fe1\u56fe\u7247_20241220103644.jpg 992w, https:\/\/huaruicnclaser.com\/wp-content\/uploads\/2024\/12\/\u5fae\u4fe1\u56fe\u7247_20241220103644-300x249.jpg 300w, https:\/\/huaruicnclaser.com\/wp-content\/uploads\/2024\/12\/\u5fae\u4fe1\u56fe\u7247_20241220103644-768x637.jpg 768w, https:\/\/huaruicnclaser.com\/wp-content\/uploads\/2024\/12\/\u5fae\u4fe1\u56fe\u7247_20241220103644-14x12.jpg 14w, https:\/\/huaruicnclaser.com\/wp-content\/uploads\/2024\/12\/\u5fae\u4fe1\u56fe\u7247_20241220103644-800x664.jpg 800w\" sizes=\"(max-width: 668px) 100vw, 668px\" \/> <img loading=\"lazy\" decoding=\"async\" class=\"alignnone  wp-image-1909\" src=\"https:\/\/huaruicnclaser.com\/wp-content\/uploads\/2024\/12\/\u5fae\u4fe1\u56fe\u7247_20241220103650-scaled.jpg\" alt=\"\" width=\"669\" height=\"502\" srcset=\"https:\/\/huaruicnclaser.com\/wp-content\/uploads\/2024\/12\/\u5fae\u4fe1\u56fe\u7247_20241220103650-scaled.jpg 2560w, https:\/\/huaruicnclaser.com\/wp-content\/uploads\/2024\/12\/\u5fae\u4fe1\u56fe\u7247_20241220103650-300x225.jpg 300w, https:\/\/huaruicnclaser.com\/wp-content\/uploads\/2024\/12\/\u5fae\u4fe1\u56fe\u7247_20241220103650-1024x768.jpg 1024w, https:\/\/huaruicnclaser.com\/wp-content\/uploads\/2024\/12\/\u5fae\u4fe1\u56fe\u7247_20241220103650-768x576.jpg 768w, https:\/\/huaruicnclaser.com\/wp-content\/uploads\/2024\/12\/\u5fae\u4fe1\u56fe\u7247_20241220103650-1536x1152.jpg 1536w, https:\/\/huaruicnclaser.com\/wp-content\/uploads\/2024\/12\/\u5fae\u4fe1\u56fe\u7247_20241220103650-2048x1536.jpg 2048w, https:\/\/huaruicnclaser.com\/wp-content\/uploads\/2024\/12\/\u5fae\u4fe1\u56fe\u7247_20241220103650-16x12.jpg 16w, https:\/\/huaruicnclaser.com\/wp-content\/uploads\/2024\/12\/\u5fae\u4fe1\u56fe\u7247_20241220103650-800x600.jpg 800w\" sizes=\"(max-width: 669px) 100vw, 669px\" \/><\/p>\n<p>&nbsp;<\/p>","protected":false},"excerpt":{"rendered":"<ul class=\"right--text__header--item__value\">\n<li>1300 x 2500 mm<\/li>\n<li>7,5 kW<\/li>\n<li>DSP A11<\/li>\n<li>\u0631\u0645\u0632 G<\/li>\n<\/ul>","protected":false},"featured_media":1908,"comment_status":"open","ping_status":"closed","template":"","meta":{"_uag_custom_page_level_css":"","_kad_post_transparent":"default","_kad_post_title":"","_kad_post_layout":"default","_kad_post_sidebar_id":"","_kad_post_content_style":"default","_kad_post_vertical_padding":"default","_kad_post_feature":"","_kad_post_feature_position":"","_kad_post_header":false,"_kad_post_footer":false,"_kad_post_classname":""},"product_brand":[],"product_cat":[40],"product_tag":[],"class_list":{"0":"post-1903","1":"product","2":"type-product","3":"status-publish","4":"has-post-thumbnail","6":"product_cat-cnc-router","8":"first","9":"instock","10":"shipping-taxable","11":"product-type-simple","12":"entry","13":"content-bg","14":"loop-entry"},"aioseo_notices":[],"uagb_featured_image_src":{"full":["https:\/\/huaruicnclaser.com\/wp-content\/uploads\/2024\/12\/\u5fae\u4fe1\u56fe\u7247_20241220103644.jpg",992,823,false],"thumbnail":["https:\/\/huaruicnclaser.com\/wp-content\/uploads\/2024\/12\/\u5fae\u4fe1\u56fe\u7247_20241220103644-150x150.jpg",150,150,true],"medium":["https:\/\/huaruicnclaser.com\/wp-content\/uploads\/2024\/12\/\u5fae\u4fe1\u56fe\u7247_20241220103644-300x249.jpg",300,249,true],"medium_large":["https:\/\/huaruicnclaser.com\/wp-content\/uploads\/2024\/12\/\u5fae\u4fe1\u56fe\u7247_20241220103644-768x637.jpg",768,637,true],"large":["https:\/\/huaruicnclaser.com\/wp-content\/uploads\/2024\/12\/\u5fae\u4fe1\u56fe\u7247_20241220103644.jpg",992,823,false],"1536x1536":["https:\/\/huaruicnclaser.com\/wp-content\/uploads\/2024\/12\/\u5fae\u4fe1\u56fe\u7247_20241220103644.jpg",992,823,false],"2048x2048":["https:\/\/huaruicnclaser.com\/wp-content\/uploads\/2024\/12\/\u5fae\u4fe1\u56fe\u7247_20241220103644.jpg",992,823,false],"trp-custom-language-flag":["https:\/\/huaruicnclaser.com\/wp-content\/uploads\/2024\/12\/\u5fae\u4fe1\u56fe\u7247_20241220103644-14x12.jpg",14,12,true],"woocommerce_thumbnail":["https:\/\/huaruicnclaser.com\/wp-content\/uploads\/2024\/12\/\u5fae\u4fe1\u56fe\u7247_20241220103644-800x800.jpg",800,800,true],"woocommerce_single":["https:\/\/huaruicnclaser.com\/wp-content\/uploads\/2024\/12\/\u5fae\u4fe1\u56fe\u7247_20241220103644-800x664.jpg",800,664,true],"woocommerce_gallery_thumbnail":["https:\/\/huaruicnclaser.com\/wp-content\/uploads\/2024\/12\/\u5fae\u4fe1\u56fe\u7247_20241220103644-100x100.jpg",100,100,true]},"uagb_author_info":{"display_name":"hcaluminum01@gmail.com","author_link":"https:\/\/huaruicnclaser.com\/ar\/author\/"},"uagb_comment_info":0,"uagb_excerpt":"1300 x 2500 mm 7,5 kW DSP A11 G CODE","_links":{"self":[{"href":"https:\/\/huaruicnclaser.com\/ar\/wp-json\/wp\/v2\/product\/1903","targetHints":{"allow":["GET"]}}],"collection":[{"href":"https:\/\/huaruicnclaser.com\/ar\/wp-json\/wp\/v2\/product"}],"about":[{"href":"https:\/\/huaruicnclaser.com\/ar\/wp-json\/wp\/v2\/types\/product"}],"replies":[{"embeddable":true,"href":"https:\/\/huaruicnclaser.com\/ar\/wp-json\/wp\/v2\/comments?post=1903"}],"wp:featuredmedia":[{"embeddable":true,"href":"https:\/\/huaruicnclaser.com\/ar\/wp-json\/wp\/v2\/media\/1908"}],"wp:attachment":[{"href":"https:\/\/huaruicnclaser.com\/ar\/wp-json\/wp\/v2\/media?parent=1903"}],"wp:term":[{"taxonomy":"product_brand","embeddable":true,"href":"https:\/\/huaruicnclaser.com\/ar\/wp-json\/wp\/v2\/product_brand?post=1903"},{"taxonomy":"product_cat","embeddable":true,"href":"https:\/\/huaruicnclaser.com\/ar\/wp-json\/wp\/v2\/product_cat?post=1903"},{"taxonomy":"product_tag","embeddable":true,"href":"https:\/\/huaruicnclaser.com\/ar\/wp-json\/wp\/v2\/product_tag?post=1903"}],"curies":[{"name":"wp","href":"https:\/\/api.w.org\/{rel}","templated":true}]}}