{"id":1327,"date":"2024-10-30T13:09:07","date_gmt":"2024-10-30T05:09:07","guid":{"rendered":"https:\/\/huaruicnclaser.com\/?post_type=product&#038;p=1327"},"modified":"2024-11-08T15:00:12","modified_gmt":"2024-11-08T07:00:12","slug":"fiber-laser-cutting-machine-3015m","status":"publish","type":"product","link":"https:\/\/huaruicnclaser.com\/es\/producto\/fiber-laser-cutting-machine-3015m\/","title":{"rendered":"M\u00c1QUINA DE CORTE POR L\u00c1SER DE FIBRA DE HOJA Y TUBO COMBINADO H3015M"},"content":{"rendered":"<p style=\"text-align: center;\"><strong>M\u00e1quina de corte por l\u00e1ser de fibra \u00f3ptica combinada H3015M<\/strong><\/p>\n<p><strong>Propiedades de la H3015M:<\/strong><br \/>\nH3015M fiber laser cutting machine is widely used for cutting sheets and also offers an optional function for cutting tubes, which is why we refer to it as the M model.<\/p>\n<p>H3015M fiber laser cutting machine is designed for both tube and sheet cutting, offering dual functionality. Its working area typically measures 1500 x 3000 mm, 2000 x 4000 mm, 1500 x 4000 mm, 1500 x 6000 mm, and 2000 x 6000 mm, among other sizes. These dimensions are particularly popular among metal fabrication companies.<\/p>\n<p><strong>Aplicaci\u00f3n de la m\u00e1quina de corte l\u00e1ser de fibra combinada H3015M para tubo y chapa:\u00a0 <\/strong><\/p>\n<p>Nuestras cortadoras l\u00e1ser de fibra combinada modelo M para tubos y chapas se han vendido a numerosos clientes fabricantes que trabajan con materiales como acero al carbono, acero inoxidable y aluminio. Durante el funcionamiento, nuestros clientes han indicado que los niveles de potencia \u00f3ptimos son 3 kW, 4 kW y 6 kW. El tama\u00f1o de trabajo de las cortadoras es de 1500 mm x 3000 mm.<\/p>\n<p><strong>Especificaciones de la cortadora l\u00e1ser de fibra H3015M para tubos y chapas:<\/strong><\/p>\n<table>\n<tbody>\n<tr>\n<td rowspan=\"2\" width=\"370\"><strong><b>Art\u00edculos<\/b><\/strong><\/td>\n<td colspan=\"5\" width=\"489\"><strong><b>Par\u00e1metros<\/b><\/strong><\/td>\n<\/tr>\n<tr>\n<td width=\"109\">1,5 kW<\/td>\n<td width=\"99\">2kW<\/td>\n<td width=\"97\">3kW<\/td>\n<td width=\"90\">4kW<\/td>\n<td width=\"91\">6kW<\/td>\n<\/tr>\n<tr>\n<td width=\"370\">\u00c1rea de trabajo (Largo X Ancho)<\/td>\n<td colspan=\"5\" width=\"489\">3000*1500mm<\/td>\n<\/tr>\n<tr>\n<td width=\"370\">Recorrido del eje X<\/td>\n<td colspan=\"5\" width=\"489\">1530 mm<\/td>\n<\/tr>\n<tr>\n<td width=\"370\">Recorrido del eje Y<\/td>\n<td colspan=\"5\" width=\"489\">3050 mm<\/td>\n<\/tr>\n<tr>\n<td width=\"370\">Recorrido del eje Z<\/td>\n<td colspan=\"5\" width=\"489\">360 mm<\/td>\n<\/tr>\n<tr>\n<td width=\"370\">Longitud del tubo<\/td>\n<td colspan=\"5\" width=\"489\">500~6000mm<\/td>\n<\/tr>\n<tr>\n<td width=\"370\">Di\u00e1metro del tubo<\/td>\n<td colspan=\"5\" width=\"489\">20~220mm<\/td>\n<\/tr>\n<tr>\n<td width=\"370\">Precisi\u00f3n de posicionamiento de los ejes X\/Y<\/td>\n<td colspan=\"5\" width=\"489\">\u00b10,05 mm<\/td>\n<\/tr>\n<tr>\n<td width=\"370\">Precisi\u00f3n de posicionamiento repetido en los ejes X\/Y<\/td>\n<td colspan=\"5\" width=\"489\">\u00b10,02 mm<\/td>\n<\/tr>\n<tr>\n<td width=\"370\">Velocidad m\u00e1xima<\/td>\n<td colspan=\"5\" width=\"489\">100 m\/min<\/td>\n<\/tr>\n<tr>\n<td width=\"370\">Aceleraci\u00f3n m\u00e1xima<\/td>\n<td colspan=\"5\" width=\"489\">1.0G<\/td>\n<\/tr>\n<tr>\n<td width=\"370\">Dimensiones (largo x ancho x alto)<\/td>\n<td colspan=\"5\" width=\"489\">8500*3740*2100mm<\/td>\n<\/tr>\n<tr>\n<td width=\"370\">Carga m\u00e1xima<\/td>\n<td colspan=\"5\" width=\"489\">700KG<\/td>\n<\/tr>\n<tr>\n<td width=\"370\">Peso total<\/td>\n<td width=\"109\">2900<\/td>\n<td width=\"99\">2960<\/td>\n<td width=\"97\">3000<\/td>\n<td width=\"90\">3050<\/td>\n<td width=\"91\">3140<\/td>\n<\/tr>\n<tr>\n<td width=\"370\">Fase<\/td>\n<td colspan=\"5\" width=\"489\">Trif\u00e1sico<\/td>\n<\/tr>\n<tr>\n<td width=\"370\">Tensi\u00f3n nominal de la fuente de alimentaci\u00f3n<\/td>\n<td colspan=\"5\" width=\"489\">380V<\/td>\n<\/tr>\n<tr>\n<td width=\"370\">Frecuencia<\/td>\n<td colspan=\"5\" width=\"489\">50 Hz<\/td>\n<\/tr>\n<tr>\n<td width=\"370\">Grado de protecci\u00f3n de la fuente de alimentaci\u00f3n<\/td>\n<td colspan=\"5\" width=\"489\">IP54<\/td>\n<\/tr>\n<\/tbody>\n<\/table>\n<p><strong>Preguntas frecuentes sobre la m\u00e1quina de corte por l\u00e1ser de fibra H3015M:<\/strong><br \/>\nNormally, clients ask the following questions about our Laser Plate &amp; Tube Combo:<br \/>\n1. What is the delivery time? It will take 10 to 15 working days.<br \/>\n2.The package consists of a standard wooden box or a steel structure for loading into a container.<br \/>\n3. The recommended power range is 1.5 kW, 3 kW, 4 kW, and 6 kW.<br \/>\n4. The maximum thickness for cutting is as follows: Carbon steel sheets up to 20 mm; stainless steel sheets up to 10 mm. For tubes, the maximum thickness should be half of the specified thickness to achieve optimal cutting performance.<br \/>\n5. The most popular sizes available for sale are 1500 x 3000 mm, 2000 x 4000 mm, 1500 x 6000 mm, and 1500 x 4000 mm, among others.<br \/>\n6. If there is a protective model: Yes, there is another model with a cover and a double bed, which we refer to as the CM model. It will be much safer for workers to operate.<br \/>\n7. Shapes that can be cut for the tubes: It can cut round, square, C, L, and U shapes. However, C, L, and U shapes require special software, which is an optional feature.<br \/>\n8. How long of a tube will it support? 6 meters.<\/p>\n<div style=\"width: 544px;\" class=\"wp-video\"><video class=\"wp-video-shortcode\" id=\"video-1327-1\" width=\"544\" height=\"960\" preload=\"metadata\" controls=\"controls\"><source type=\"video\/mp4\" src=\"https:\/\/huaruicnclaser.com\/wp-content\/uploads\/2024\/10\/3015M-\u5207\u5f02\u578b\u7ba1\u89c6\u9891.mp4?_=1\" \/><a href=\"https:\/\/huaruicnclaser.com\/wp-content\/uploads\/2024\/10\/3015M-\u5207\u5f02\u578b\u7ba1\u89c6\u9891.mp4\">https:\/\/huaruicnclaser.com\/wp-content\/uploads\/2024\/10\/3015M-\u5207\u5f02\u578b\u7ba1\u89c6\u9891.mp4<\/a><\/video><\/div>\n<p>&nbsp;<\/p>","protected":false},"excerpt":{"rendered":"<p>M\u00e1quina de corte l\u00e1ser de fibra H3015M Propiedades Combinadas de la H3015M: La m\u00e1quina de corte l\u00e1ser de fibra H3015M es ampliamente utilizada para el corte de chapas y tambi\u00e9n ofrece una funci\u00f3n opcional para el corte de tubos, por lo que nos referimos a ella como el modelo M. La m\u00e1quina de corte l\u00e1ser de fibra H3015M est\u00e1 dise\u00f1ada para el corte de tubos y l\u00e1minas, ofreciendo...<\/p>","protected":false},"featured_media":1328,"comment_status":"open","ping_status":"closed","template":"","meta":{"_uag_custom_page_level_css":"","_kad_post_transparent":"default","_kad_post_title":"","_kad_post_layout":"default","_kad_post_sidebar_id":"","_kad_post_content_style":"default","_kad_post_vertical_padding":"default","_kad_post_feature":"","_kad_post_feature_position":"","_kad_post_header":false,"_kad_post_footer":false,"_kad_post_classname":""},"product_brand":[],"product_cat":[35,25],"product_tag":[],"class_list":{"0":"post-1327","1":"product","2":"type-product","3":"status-publish","4":"has-post-thumbnail","6":"product_cat-fiber-laser-cutting-machine","7":"product_cat-procucts","9":"first","10":"instock","11":"shipping-taxable","12":"product-type-simple","13":"entry","14":"content-bg","15":"loop-entry"},"aioseo_notices":[],"uagb_featured_image_src":{"full":["https:\/\/huaruicnclaser.com\/wp-content\/uploads\/2024\/10\/FIBER-LASER-CUTTING-MACHINE-3015M.jpg",800,800,false],"thumbnail":["https:\/\/huaruicnclaser.com\/wp-content\/uploads\/2024\/10\/FIBER-LASER-CUTTING-MACHINE-3015M-150x150.jpg",150,150,true],"medium":["https:\/\/huaruicnclaser.com\/wp-content\/uploads\/2024\/10\/FIBER-LASER-CUTTING-MACHINE-3015M-300x300.jpg",300,300,true],"medium_large":["https:\/\/huaruicnclaser.com\/wp-content\/uploads\/2024\/10\/FIBER-LASER-CUTTING-MACHINE-3015M-768x768.jpg",768,768,true],"large":["https:\/\/huaruicnclaser.com\/wp-content\/uploads\/2024\/10\/FIBER-LASER-CUTTING-MACHINE-3015M.jpg",800,800,false],"1536x1536":["https:\/\/huaruicnclaser.com\/wp-content\/uploads\/2024\/10\/FIBER-LASER-CUTTING-MACHINE-3015M.jpg",800,800,false],"2048x2048":["https:\/\/huaruicnclaser.com\/wp-content\/uploads\/2024\/10\/FIBER-LASER-CUTTING-MACHINE-3015M.jpg",800,800,false],"trp-custom-language-flag":["https:\/\/huaruicnclaser.com\/wp-content\/uploads\/2024\/10\/FIBER-LASER-CUTTING-MACHINE-3015M-12x12.jpg",12,12,true],"woocommerce_thumbnail":["https:\/\/huaruicnclaser.com\/wp-content\/uploads\/2024\/10\/FIBER-LASER-CUTTING-MACHINE-3015M.jpg",800,800,false],"woocommerce_single":["https:\/\/huaruicnclaser.com\/wp-content\/uploads\/2024\/10\/FIBER-LASER-CUTTING-MACHINE-3015M.jpg",800,800,false],"woocommerce_gallery_thumbnail":["https:\/\/huaruicnclaser.com\/wp-content\/uploads\/2024\/10\/FIBER-LASER-CUTTING-MACHINE-3015M-100x100.jpg",100,100,true]},"uagb_author_info":{"display_name":"hcaluminum01@gmail.com","author_link":"https:\/\/huaruicnclaser.com\/es\/author\/"},"uagb_comment_info":0,"uagb_excerpt":"H3015M Fiber Laser Cutting Machine Combined Properties of H3015M: H3015M fiber laser cutting machine is widely used for cutting sheets and also offers an optional function for cutting tubes, which is why we refer to it as the M model. H3015M fiber laser cutting machine is designed for both tube and sheet cutting, offering dual...","_links":{"self":[{"href":"https:\/\/huaruicnclaser.com\/es\/wp-json\/wp\/v2\/product\/1327","targetHints":{"allow":["GET"]}}],"collection":[{"href":"https:\/\/huaruicnclaser.com\/es\/wp-json\/wp\/v2\/product"}],"about":[{"href":"https:\/\/huaruicnclaser.com\/es\/wp-json\/wp\/v2\/types\/product"}],"replies":[{"embeddable":true,"href":"https:\/\/huaruicnclaser.com\/es\/wp-json\/wp\/v2\/comments?post=1327"}],"wp:featuredmedia":[{"embeddable":true,"href":"https:\/\/huaruicnclaser.com\/es\/wp-json\/wp\/v2\/media\/1328"}],"wp:attachment":[{"href":"https:\/\/huaruicnclaser.com\/es\/wp-json\/wp\/v2\/media?parent=1327"}],"wp:term":[{"taxonomy":"product_brand","embeddable":true,"href":"https:\/\/huaruicnclaser.com\/es\/wp-json\/wp\/v2\/product_brand?post=1327"},{"taxonomy":"product_cat","embeddable":true,"href":"https:\/\/huaruicnclaser.com\/es\/wp-json\/wp\/v2\/product_cat?post=1327"},{"taxonomy":"product_tag","embeddable":true,"href":"https:\/\/huaruicnclaser.com\/es\/wp-json\/wp\/v2\/product_tag?post=1327"}],"curies":[{"name":"wp","href":"https:\/\/api.w.org\/{rel}","templated":true}]}}