{"id":1329,"date":"2024-10-30T13:17:22","date_gmt":"2024-10-30T05:17:22","guid":{"rendered":"https:\/\/huaruicnclaser.com\/?post_type=product&#038;p=1329"},"modified":"2024-11-08T16:26:04","modified_gmt":"2024-11-08T08:26:04","slug":"fiber-laser-cutting-machine-for-tube","status":"publish","type":"product","link":"https:\/\/huaruicnclaser.com\/es\/producto\/fiber-laser-cutting-machine-for-tube\/","title":{"rendered":"M\u00c1QUINA DE CORTE POR L\u00c1SER DE FIBRA H9035"},"content":{"rendered":"<p><strong><b>I<\/b><\/strong><strong><b>Introducci\u00f3n <\/b><\/strong><\/p>\n<ul>\n<li>La H9035 ha sido dise\u00f1ada por Jinan Huarui Technology Co.,Ltd para procesar tubos de hasta 9 metros de longitud y 350 mm de di\u00e1metro;<\/li>\n<li>Admite varias formas, incluidos tubos redondos, tubos cuadrados, tubos rectangulares y perfiles como forma de L, forma de U, viga en H, etc;<\/li>\n<li>Nuestras m\u00e1quinas de corte de tubos por l\u00e1ser de fibra garantizan un desperdicio m\u00ednimo, alcanzando una merma real de \"0\";<\/li>\n<li>La gama de procesamiento de tubos tiene una longitud de 9000 mm y admite di\u00e1metros de \u03c620 a 350 mm (para tubos cuadrados: de 20 mm x 20 mm a 245 mm x 245 mm);<\/li>\n<li>La m\u00e1quina de corte l\u00e1ser para tubos de metal H9035 est\u00e1 equipada con un dispositivo l\u00e1ser de fibra que ofrece opciones de potencia l\u00e1ser de 1.5 kW, 2 kW, 3 kW, 4 kW y 6 kW;<\/li>\n<\/ul>\n<p><strong><b>II<\/b><\/strong><strong><b>Par\u00e1metros t\u00e9cnicos <\/b><\/strong><\/p>\n<table>\n<tbody>\n<tr>\n<td rowspan=\"2\" width=\"369\"><strong><b>Art\u00edculo<\/b><\/strong><\/td>\n<td width=\"463\"><strong><b>Par\u00e1metro<\/b><\/strong><\/td>\n<\/tr>\n<tr>\n<td width=\"463\"><strong><b>\u00a03kW, 4kW, 6kW<\/b><\/strong><\/td>\n<\/tr>\n<tr>\n<td width=\"369\">Longitud del tubo<\/td>\n<td width=\"463\">2000~9000mm<\/td>\n<\/tr>\n<tr>\n<td width=\"369\">Di\u00e1metro del tubo<\/td>\n<td width=\"463\">\u03a620~\u03a6350mm<\/td>\n<\/tr>\n<tr>\n<td width=\"369\">Eje X\/Y Precisi\u00f3n de posicionamiento<\/td>\n<td width=\"463\">\u00b10,05 mm<\/td>\n<\/tr>\n<tr>\n<td width=\"369\">Eje X\/Y Posicionamiento repetido<\/td>\n<td width=\"463\">\u00b10,02 mm<\/td>\n<\/tr>\n<tr>\n<td width=\"369\">Velocidad m\u00e1xima de alimentaci\u00f3n<\/td>\n<td width=\"463\">60 m\/min<\/td>\n<\/tr>\n<tr>\n<td width=\"369\">Mandril Velocidad m\u00e1xima<\/td>\n<td width=\"463\">60r\/min<\/td>\n<\/tr>\n<tr>\n<td width=\"369\">Aceleraci\u00f3n m\u00e1xima<\/td>\n<td width=\"463\">0.6G<\/td>\n<\/tr>\n<tr>\n<td width=\"369\">M\u00e1quina Peso total (KG)<\/td>\n<td width=\"463\">16500KG<\/td>\n<\/tr>\n<tr>\n<td width=\"369\">Tabla carga m\u00e1xima(KG)<\/td>\n<td width=\"463\">400 kg<\/td>\n<\/tr>\n<tr>\n<td width=\"369\">Par\u00e1metros de potencia<\/td>\n<td width=\"463\">CA trif\u00e1sica 380 V 50 Hz<\/td>\n<\/tr>\n<tr>\n<td width=\"369\">Nivel de protecci\u00f3n de la fuente de alimentaci\u00f3n total<\/td>\n<td width=\"463\">IP54<\/td>\n<\/tr>\n<\/tbody>\n<\/table>\n<p>&nbsp;<\/p>\n<p><strong><b>III<\/b><\/strong><strong><b>.configuraci\u00f3n<\/b><\/strong><\/p>\n<table>\n<tbody>\n<tr>\n<td width=\"268\"><strong><b>NOMBRE<\/b><\/strong><\/td>\n<td width=\"123\"><strong><b>NO.<\/b><\/strong><\/td>\n<td width=\"427\"><strong><b>MARCA<\/b><\/strong><\/td>\n<\/tr>\n<tr>\n<td colspan=\"3\" width=\"819\"><strong><b>DISPOSITIVO L\u00c1SER DE FIBRA<\/b><\/strong><\/td>\n<\/tr>\n<tr>\n<td width=\"268\">L\u00e1ser de fibra de 1,5-6 kW<\/td>\n<td width=\"123\">1 juego<\/td>\n<td width=\"427\">Raycus\/MAX<\/td>\n<\/tr>\n<tr>\n<td colspan=\"3\" width=\"819\"><strong><b>CABEZA L\u00c1SER<\/b><\/strong><\/td>\n<\/tr>\n<tr>\n<td width=\"268\">Cabezal l\u00e1ser<\/td>\n<td width=\"123\">1 juego<\/td>\n<td width=\"427\">WSX\/BLT\/Raytools<\/td>\n<\/tr>\n<tr>\n<td colspan=\"3\" width=\"819\"><strong><b>M\u00e1quina principal<\/b><\/strong><\/td>\n<\/tr>\n<tr>\n<td width=\"268\">Transmisi\u00f3n<\/td>\n<td width=\"123\">5 juegos<\/td>\n<td width=\"427\">LAPPING<\/td>\n<\/tr>\n<tr>\n<td width=\"268\">Accesorios para camas de m\u00e1quinas<\/td>\n<td width=\"123\">1 juego<\/td>\n<td width=\"427\">FABRICACI\u00d3N PROPIA<\/td>\n<\/tr>\n<tr>\n<td width=\"268\">Motorreductor<\/td>\n<td width=\"123\">7 juegos<\/td>\n<td width=\"427\">MOTOREDUCTOR<\/td>\n<\/tr>\n<tr>\n<td width=\"268\">El\u00e9ctrica y neum\u00e1tica<\/td>\n<td width=\"123\">1 juego<\/td>\n<td width=\"427\">SCHNEIDER<\/p>\n<p>SMC\/AIRTAC<\/td>\n<\/tr>\n<tr>\n<td width=\"268\">Motor y controlador del servidor<\/td>\n<td width=\"123\">17 conjunto<\/td>\n<td width=\"427\">Yaskawa<\/td>\n<\/tr>\n<tr>\n<td width=\"268\">Refrigeraci\u00f3n por agua<\/td>\n<td width=\"123\">1 juego<\/td>\n<td width=\"427\">HANLI<\/td>\n<\/tr>\n<tr>\n<td colspan=\"3\" width=\"819\"><strong><b>SISTEMA DE CONTROL CNC<\/b><\/strong><\/td>\n<\/tr>\n<tr>\n<td width=\"268\">Sistema FSCUT<\/td>\n<td width=\"123\">1 juego<\/td>\n<td width=\"427\">FSCUT 5000A<\/td>\n<\/tr>\n<tr>\n<td colspan=\"3\" width=\"819\"><strong><b>AUTOMATIZACI\u00d3N<\/b><\/strong><strong><b>\u00a0SISTEMA<\/b><\/strong><strong><b>\u00a0(Opcional)<\/b><\/strong><\/td>\n<\/tr>\n<tr>\n<td width=\"268\">Sistema de carga autom\u00e1tica<\/td>\n<td width=\"123\">1 juego<\/td>\n<td width=\"427\">HUARUI<\/td>\n<\/tr>\n<tr>\n<td width=\"268\">Sistema autom\u00e1tico de descarga<\/td>\n<td width=\"123\">1 juego<\/td>\n<td width=\"427\">HUARUI<\/td>\n<\/tr>\n<\/tbody>\n<\/table>\n<p>&nbsp;<\/p>\n<p><strong><b>IV<\/b><\/strong><strong><b>.capacidad de corte y aplicaci\u00f3n<\/b><\/strong><\/p>\n<ul>\n<li><b><\/b><strong><b>Materiales de corte<\/b><\/strong><\/li>\n<\/ul>\n<p>Material de corte: Acero al carbono, acero inoxidable, aleaci\u00f3n de aluminio, lat\u00f3n, cobre, acero galvanizado, acero al silicio, acero electrol\u00edtico, aleaci\u00f3n de titanio, aleaci\u00f3n de manganeso, etc.<\/p>\n<p>&nbsp;<\/p>\n<p>&nbsp;<\/p>\n<ul>\n<li><b><\/b><strong><b>Industria de aplicaci\u00f3n<\/b><\/strong><\/li>\n<\/ul>\n<p>La cortadora de tubos ultrapesados se utiliza ampliamente en la industria aeroespacial, la fabricaci\u00f3n de metales, la fabricaci\u00f3n de maquinaria, el transporte ferroviario, la fabricaci\u00f3n de autom\u00f3viles y la maquinaria alimentaria.<\/p>\n<p>&nbsp;<\/p>\n<p><strong style=\"font-family: var(--global-body-font-family);\"><b>V<\/b><\/strong><strong style=\"font-family: var(--global-body-font-family);\"><b>Caracter\u00edsticas principales<\/b><\/strong><\/p>\n<ul>\n<li><b><\/b><strong><b>Bancada de m\u00e1quina extendida de 9 metros<\/b><\/strong><\/li>\n<\/ul>\n<p>Esta estructura es conveniente para la carga y descarga, especialmente para tubos y perfiles superpesados. La bancada de nuestra m\u00e1quina, con tres secciones, es f\u00e1cil de instalar y transportar. Despu\u00e9s del procesamiento coaxial, estas secciones tendr\u00e1n la misma precisi\u00f3n y un buen rendimiento.<\/p>\n<ul>\n<li><b><\/b><strong><b>Proceso de transformaci\u00f3n del somier<\/b><\/strong><\/li>\n<\/ul>\n<p>Jinan Huarui CNC LASER tiene un taller independiente de producci\u00f3n de camas. Muchos procesos importantes como la soldadura de la cama, tratamiento t\u00e9rmico, granallado, limpieza, pintura se llevan a cabo en el taller. Estricto control de la calidad de la cama, y la entrega a tiempo.<\/p>\n<p><img fetchpriority=\"high\" decoding=\"async\" class=\"alignnone size-full wp-image-1446\" src=\"https:\/\/huaruicnclaser.com\/wp-content\/uploads\/2024\/10\/\u56fe\u72475-2.jpg\" alt=\"\" width=\"750\" height=\"757\" srcset=\"https:\/\/huaruicnclaser.com\/wp-content\/uploads\/2024\/10\/\u56fe\u72475-2.jpg 750w, https:\/\/huaruicnclaser.com\/wp-content\/uploads\/2024\/10\/\u56fe\u72475-2-297x300.jpg 297w, https:\/\/huaruicnclaser.com\/wp-content\/uploads\/2024\/10\/\u56fe\u72475-2-150x150.jpg 150w, https:\/\/huaruicnclaser.com\/wp-content\/uploads\/2024\/10\/\u56fe\u72475-2-12x12.jpg 12w, https:\/\/huaruicnclaser.com\/wp-content\/uploads\/2024\/10\/\u56fe\u72475-2-100x100.jpg 100w\" sizes=\"(max-width: 750px) 100vw, 750px\" \/><\/p>\n<ul>\n<li><b><\/b><strong><b>Capacidad de procesamiento de tubos supereficiente<\/b><\/strong><\/li>\n<\/ul>\n<p>Pipe processing range 9000mm* \u03c620~350mm (square tube: 20*20~245*245mm).<\/p>\n<p>Other tube kinds: round pipe, square pipe, rectangular pipe, oval pipe, angle steel, channel steel, H-beam steel, I-beam steel<\/p>\n<p><img decoding=\"async\" class=\"alignnone size-full wp-image-1447\" src=\"https:\/\/huaruicnclaser.com\/wp-content\/uploads\/2024\/10\/\u56fe\u72476-2.jpg\" alt=\"\" width=\"1500\" height=\"514\" srcset=\"https:\/\/huaruicnclaser.com\/wp-content\/uploads\/2024\/10\/\u56fe\u72476-2.jpg 1500w, https:\/\/huaruicnclaser.com\/wp-content\/uploads\/2024\/10\/\u56fe\u72476-2-300x103.jpg 300w, https:\/\/huaruicnclaser.com\/wp-content\/uploads\/2024\/10\/\u56fe\u72476-2-1024x351.jpg 1024w, https:\/\/huaruicnclaser.com\/wp-content\/uploads\/2024\/10\/\u56fe\u72476-2-768x263.jpg 768w, https:\/\/huaruicnclaser.com\/wp-content\/uploads\/2024\/10\/\u56fe\u72476-2-18x6.jpg 18w, https:\/\/huaruicnclaser.com\/wp-content\/uploads\/2024\/10\/\u56fe\u72476-2-800x274.jpg 800w\" sizes=\"(max-width: 1500px) 100vw, 1500px\" \/><\/p>\n<ul>\n<li><b><\/b><strong><b>Sistema autom\u00e1tico m\u00e1s eficaz (opcional) <\/b><\/strong><\/li>\n<\/ul>\n<p>Whole bundle pipe loading and unloading;<\/p>\n<p>Automatic sorting of processing products and waste\u00a0parts, reducing labor costs.<\/p>\n<ul>\n<li><b><\/b><strong><b>Dispositivo de apoyo al seguimiento<\/b><\/strong><\/li>\n<\/ul>\n<p>Intelligent support design;<\/p>\n<p>Floating up and down following the change of pipe rotation radius; l<\/p>\n<p>Effectively solve the problem of low processing accuracy caused by long pipe sagging.<\/p>\n<ul>\n<li><b><\/b><strong><b>Tres<\/b><\/strong><strong><b>-estructura de la chuck<\/b><\/strong><\/li>\n<\/ul>\n<p>Tres mandriles neum\u00e1ticos dotan al cortatubos de una gran fuerza de sujeci\u00f3n, para sujetar tubos pesados de forma estable y sencilla. Tres mandriles pueden lograr el corte en formas invertidas para realizar todo el procesamiento de tubos largos y lograr cero residuos para una mayor utilizaci\u00f3n de materiales y ahorro de costes. Con la fuerte fuerza de sujeci\u00f3n, no habr\u00eda aflojamiento o deslizamiento de la tuber\u00eda pesada, que puede lograr una alimentaci\u00f3n m\u00e1s estable y un corte m\u00e1s preciso.<\/p>\n<ul>\n<li><b><\/b><strong><b>Funci\u00f3n exclusiva de detecci\u00f3n de liberaci\u00f3n del mandril<\/b><\/strong><\/li>\n<\/ul>\n<p>Prolonga la vida \u00fatil del equipo, reduce el tiempo de mantenimiento del equipo y facilita el corte de tubos por l\u00e1ser; Mejora en gran medida la fiabilidad del funcionamiento del mandril, y es el n\u00facleo de la tecnolog\u00eda de soporte y el sistema de proceso para que los mandriles dobles consigan \"cero\" residuos.<\/p>","protected":false},"excerpt":{"rendered":"<p>I.Introducci\u00f3n H9035 est\u00e1 dise\u00f1ado por Jinan Huarui Technology Co.,Ltd para el procesamiento de tubos de hasta 9 metros de longitud y con un di\u00e1metro de 350 mm; Soporta varias formas, incluyendo tubos redondos, tubos cuadrados, tubos rectangulares, y perfiles tales como forma de L, forma de U, viga H, etc.; Nuestras m\u00e1quinas de corte de tubos por l\u00e1ser de fibra...<\/p>","protected":false},"featured_media":1554,"comment_status":"open","ping_status":"closed","template":"","meta":{"_uag_custom_page_level_css":"","_kad_post_transparent":"default","_kad_post_title":"","_kad_post_layout":"default","_kad_post_sidebar_id":"","_kad_post_content_style":"default","_kad_post_vertical_padding":"default","_kad_post_feature":"","_kad_post_feature_position":"","_kad_post_header":false,"_kad_post_footer":false,"_kad_post_classname":""},"product_brand":[],"product_cat":[35,25],"product_tag":[],"class_list":{"0":"post-1329","1":"product","2":"type-product","3":"status-publish","4":"has-post-thumbnail","6":"product_cat-fiber-laser-cutting-machine","7":"product_cat-procucts","9":"first","10":"instock","11":"shipping-taxable","12":"product-type-simple","13":"entry","14":"content-bg","15":"loop-entry"},"aioseo_notices":[],"uagb_featured_image_src":{"full":["https:\/\/huaruicnclaser.com\/wp-content\/uploads\/2024\/10\/H9035NT-\u526f\u672c1.png",800,500,false],"thumbnail":["https:\/\/huaruicnclaser.com\/wp-content\/uploads\/2024\/10\/H9035NT-\u526f\u672c1-150x150.png",150,150,true],"medium":["https:\/\/huaruicnclaser.com\/wp-content\/uploads\/2024\/10\/H9035NT-\u526f\u672c1-300x188.png",300,188,true],"medium_large":["https:\/\/huaruicnclaser.com\/wp-content\/uploads\/2024\/10\/H9035NT-\u526f\u672c1-768x480.png",768,480,true],"large":["https:\/\/huaruicnclaser.com\/wp-content\/uploads\/2024\/10\/H9035NT-\u526f\u672c1.png",800,500,false],"1536x1536":["https:\/\/huaruicnclaser.com\/wp-content\/uploads\/2024\/10\/H9035NT-\u526f\u672c1.png",800,500,false],"2048x2048":["https:\/\/huaruicnclaser.com\/wp-content\/uploads\/2024\/10\/H9035NT-\u526f\u672c1.png",800,500,false],"trp-custom-language-flag":["https:\/\/huaruicnclaser.com\/wp-content\/uploads\/2024\/10\/H9035NT-\u526f\u672c1-18x12.png",18,12,true],"woocommerce_thumbnail":["https:\/\/huaruicnclaser.com\/wp-content\/uploads\/2024\/10\/H9035NT-\u526f\u672c1.png",800,500,false],"woocommerce_single":["https:\/\/huaruicnclaser.com\/wp-content\/uploads\/2024\/10\/H9035NT-\u526f\u672c1.png",800,500,false],"woocommerce_gallery_thumbnail":["https:\/\/huaruicnclaser.com\/wp-content\/uploads\/2024\/10\/H9035NT-\u526f\u672c1-100x100.png",100,100,true]},"uagb_author_info":{"display_name":"hcaluminum01@gmail.com","author_link":"https:\/\/huaruicnclaser.com\/es\/author\/"},"uagb_comment_info":0,"uagb_excerpt":"I.Introduction H9035 is designed by Jinan Huarui Technology Co.,Ltd for processing tubes up to 9 meters in length and with a diameter of 350 mm; It supports various shapes, including round tubes, square tubes, rectangular tubes, and profiles such as L shape, U shape, H beam, etc; Our fiber laser tube cutting machines guarantee minimal...","_links":{"self":[{"href":"https:\/\/huaruicnclaser.com\/es\/wp-json\/wp\/v2\/product\/1329","targetHints":{"allow":["GET"]}}],"collection":[{"href":"https:\/\/huaruicnclaser.com\/es\/wp-json\/wp\/v2\/product"}],"about":[{"href":"https:\/\/huaruicnclaser.com\/es\/wp-json\/wp\/v2\/types\/product"}],"replies":[{"embeddable":true,"href":"https:\/\/huaruicnclaser.com\/es\/wp-json\/wp\/v2\/comments?post=1329"}],"wp:featuredmedia":[{"embeddable":true,"href":"https:\/\/huaruicnclaser.com\/es\/wp-json\/wp\/v2\/media\/1554"}],"wp:attachment":[{"href":"https:\/\/huaruicnclaser.com\/es\/wp-json\/wp\/v2\/media?parent=1329"}],"wp:term":[{"taxonomy":"product_brand","embeddable":true,"href":"https:\/\/huaruicnclaser.com\/es\/wp-json\/wp\/v2\/product_brand?post=1329"},{"taxonomy":"product_cat","embeddable":true,"href":"https:\/\/huaruicnclaser.com\/es\/wp-json\/wp\/v2\/product_cat?post=1329"},{"taxonomy":"product_tag","embeddable":true,"href":"https:\/\/huaruicnclaser.com\/es\/wp-json\/wp\/v2\/product_tag?post=1329"}],"curies":[{"name":"wp","href":"https:\/\/api.w.org\/{rel}","templated":true}]}}