{"id":1334,"date":"2024-10-30T13:19:59","date_gmt":"2024-10-30T05:19:59","guid":{"rendered":"https:\/\/huaruicnclaser.com\/?post_type=product&#038;p=1334"},"modified":"2024-11-08T16:22:39","modified_gmt":"2024-11-08T08:22:39","slug":"press-brake-2","status":"publish","type":"product","link":"https:\/\/huaruicnclaser.com\/es\/producto\/press-brake-2\/","title":{"rendered":"PRENSA PLEGADORA HPB17042"},"content":{"rendered":"<p><strong><b>Ventaja:<\/b><\/strong><\/p>\n<ol>\n<li>SISTEMA DELEM<\/li>\n<li>ENTREGA R\u00c1PIDA<\/li>\n<li>CON GU\u00cdA L\u00c1SER<\/li>\n<li>OPCI\u00d3N DSP<\/li>\n<li>OPCI\u00d3N WILA<\/li>\n<\/ol>\n<p><strong>Estructura mec\u00e1nica<\/strong><br \/>\n1.All technologies of this machine are from Taiwan, and its production process is the same as that in Taiwan. It is produced by HUARUI\u00a0company. The main structure of this machine is automatically simulated and calculated by the latest version of mathematical trigonometric geometric function precision program of computer Pro \/ E3D. The tensile strength and pressure strength of the main structure and the parallel straight line of table deflection are within the safe range.<br \/>\n2.The machine is made of Q235B high-quality steel plate, and the joints of heavy steel plates are all broken to ensure the strength of the whole machine.<br \/>\n3.The whole machine is annealed and stress relieved to ensure steel strength, accuracy and structural stability.<br \/>\n4. After annealing, the machine is derusted by sand blasting and treated with antirust paint.<br \/>\n5. After the above process, the machine structure is processed and formed at one time with a large floor boring and milling machine to ensure the parallelism and verticality of each installation part.<br \/>\n6. The machine tool guide rail is made of high-quality materials with wear resistance, and the guide rail is equipped with lubrication device.<br \/>\n7. The operator can easily learn and work, and can improve the best work efficiency.<br \/>\n8. This machine adopts Dutch DELEM-53T oil pressure folding bed special high quality, high precision controller.<br \/>\n9. The x-axis of the rear retaining material is a high-precision rear retaining material group, equipped with two groups of high-precision linear sliding rails of Taiwan Shangyin. The rear retaining material is integrally formed, driven by precision ball screw drive and high-precision servo motor. The guide rail adopts linear plane sliding rail, which has the advantages of rapid and accurate positioning, no noise, stable displacement, convenient zeroing, front, rear, left and right double-stage fine-tuning function.<\/p>\n<p><img fetchpriority=\"high\" decoding=\"async\" class=\"alignnone wp-image-1408\" src=\"https:\/\/huaruicnclaser.com\/wp-content\/uploads\/2024\/10\/\u56fe\u72471-1.jpg\" alt=\"\" width=\"754\" height=\"564\" srcset=\"https:\/\/huaruicnclaser.com\/wp-content\/uploads\/2024\/10\/\u56fe\u72471-1.jpg 1443w, https:\/\/huaruicnclaser.com\/wp-content\/uploads\/2024\/10\/\u56fe\u72471-1-300x224.jpg 300w, https:\/\/huaruicnclaser.com\/wp-content\/uploads\/2024\/10\/\u56fe\u72471-1-1024x766.jpg 1024w, https:\/\/huaruicnclaser.com\/wp-content\/uploads\/2024\/10\/\u56fe\u72471-1-768x574.jpg 768w, https:\/\/huaruicnclaser.com\/wp-content\/uploads\/2024\/10\/\u56fe\u72471-1-16x12.jpg 16w, https:\/\/huaruicnclaser.com\/wp-content\/uploads\/2024\/10\/\u56fe\u72471-1-800x598.jpg 800w\" sizes=\"(max-width: 754px) 100vw, 754px\" \/><\/p>\n<p><strong>Sistema hidr\u00e1ulico<\/strong><\/p>\n<ol>\n<li>El sistema hidr\u00e1ulico adopta Rexroth o el mismo grado, con dispositivo de protecci\u00f3n de sobrecarga y se puede ajustar y configurar a la presi\u00f3n m\u00e1xima.<\/li>\n<li>El sistema hidr\u00e1ulico adopta Alemania Rexroth o sistema de circuito cerrado digital del mismo grado, que est\u00e1 dise\u00f1ado y fabricado con alta carga y sellado l\u00f3gico. El circuito cerrado de presi\u00f3n de aceite no tiene ruido y fugas de aceite.<\/li>\n<li>El tonelaje de trabajo se ajusta sin secci\u00f3n, con doble v\u00e1lvula de protecci\u00f3n de seguridad de sobrecarga de presi\u00f3n para evitar que una acci\u00f3n inadecuada ponga en peligro la seguridad humana y de la m\u00e1quina.<\/li>\n<li>La bomba de aceite de alta presi\u00f3n de engranajes internos puede soportar alta presi\u00f3n y bajo nivel de ruido.<\/li>\n<li>El sello adopta una estructura modular avanzada, con un fuerte rendimiento de sellado y una larga vida \u00fatil.<\/li>\n<li>La altura del nivel de aceite se muestra claramente, y hay un dispositivo de advertencia de bloqueo de la pantalla del filtro en el dep\u00f3sito de aceite.<\/li>\n<li>La m\u00e1quina herramienta puede trabajar de forma continua durante m\u00e1s de 14 horas con una carga determinada para garantizar el funcionamiento continuo y estable del sistema de presi\u00f3n de aceite y la precisi\u00f3n de suministro.<b><\/b><b><\/b><\/li>\n<\/ol>\n<p><strong>\u00a0Precisi\u00f3n de la m\u00e1quina herramienta<\/strong><\/p>\n<ol>\n<li>Precisi\u00f3n de posicionamiento repetido del eje Y: \u00b1 0,02 mm<\/li>\n<li>Precisi\u00f3n de posicionamiento del eje X: \u00b1 0,1 mm<\/li>\n<\/ol>\n<p><strong>Precisi\u00f3n de la pieza<\/strong><\/p>\n<ol>\n<li>Precisi\u00f3n dimensional: \u00b1 0,1 mm<\/li>\n<li>\u00c1ngulo: \u00b1 0,5 \u00b0<\/li>\n<\/ol>\n<table style=\"height: 691px;\" width=\"733\">\n<tbody>\n<tr>\n<td colspan=\"4\" width=\"788\">HPB17042 Principales par\u00e1metros t\u00e9cnicos de la m\u00e1quina curvadora CNC<\/td>\n<\/tr>\n<tr>\n<td width=\"307\">\u25ba Modelo de equipo<\/td>\n<td width=\"305\">17042<\/td>\n<td colspan=\"2\" width=\"176\"><\/td>\n<\/tr>\n<tr>\n<td width=\"307\">Sistema de control<\/td>\n<td colspan=\"3\" width=\"481\">DELEM-53T<\/td>\n<\/tr>\n<tr>\n<td width=\"307\">\u25ba N\u00famero de ejes de control<\/td>\n<td colspan=\"3\" width=\"481\">X,Y1,Y2,R,C\uff084+1 Eje\uff09<\/td>\n<\/tr>\n<tr>\n<td width=\"307\">\u25ba Capacidad de flexi\u00f3n<\/td>\n<td colspan=\"2\" width=\"308\">5,0*4200\uff08CS\uff09<\/td>\n<td width=\"173\">mm<\/td>\n<\/tr>\n<tr>\n<td width=\"307\">Capacidad de estampaci\u00f3n<\/td>\n<td colspan=\"2\" width=\"308\">1700<\/td>\n<td width=\"173\">KN<\/td>\n<\/tr>\n<tr>\n<td width=\"307\">Motor principal<\/td>\n<td colspan=\"2\" width=\"308\">11<\/td>\n<td width=\"173\">KW<\/td>\n<\/tr>\n<tr>\n<td width=\"307\">Longitud de la tabla<\/td>\n<td colspan=\"2\" width=\"308\">4200<\/td>\n<td width=\"173\">mm<\/td>\n<\/tr>\n<tr>\n<td width=\"307\">\u25ba Anchura de la mesa<\/td>\n<td colspan=\"2\" width=\"308\">90<\/td>\n<td width=\"173\">mm<\/td>\n<\/tr>\n<tr>\n<td width=\"307\">\u25ba Distancia interior de la m\u00e1quina<\/td>\n<td colspan=\"2\" width=\"308\">3600<\/td>\n<td width=\"173\">mm<\/td>\n<\/tr>\n<tr>\n<td width=\"307\">Distancia m\u00e1xima de apertura<\/td>\n<td colspan=\"2\" width=\"308\">480<\/td>\n<td width=\"173\">mm<\/td>\n<\/tr>\n<tr>\n<td width=\"307\">\u25baCarrera del cilindro de aceite<\/td>\n<td colspan=\"2\" width=\"308\">200<\/td>\n<td width=\"173\">mm<\/td>\n<\/tr>\n<tr>\n<td width=\"307\">\u25ba Profundidad de garganta<\/td>\n<td colspan=\"2\" width=\"308\">400<\/td>\n<td width=\"173\">mm<\/td>\n<\/tr>\n<tr>\n<td width=\"307\">\u25ba Velocidad de ca\u00edda<\/td>\n<td colspan=\"2\" width=\"308\">180<\/td>\n<td width=\"173\">mm\/s<\/td>\n<\/tr>\n<tr>\n<td width=\"307\">\u25ba Velocidad de presi\u00f3n<\/td>\n<td colspan=\"2\" width=\"308\">10<\/td>\n<td width=\"173\">mm\/s<\/td>\n<\/tr>\n<tr>\n<td width=\"307\">Velocidad de recuperaci\u00f3n<\/td>\n<td colspan=\"2\" width=\"308\">120<\/td>\n<td width=\"173\">mm\/s<\/td>\n<\/tr>\n<tr>\n<td width=\"307\">Dimensiones exteriores<\/td>\n<td colspan=\"2\" width=\"308\">L:4400*W:1950*H:2750<\/td>\n<td width=\"173\">mm<\/td>\n<\/tr>\n<tr>\n<td width=\"307\">Peso<\/td>\n<td colspan=\"2\" width=\"308\">12.3<\/td>\n<td width=\"173\">T<\/td>\n<\/tr>\n<tr>\n<td width=\"307\">\u25ba Working Environment<\/p>\n<p>Temperature<\/td>\n<td colspan=\"2\" width=\"308\">0 ~45 \u2103<\/td>\n<td width=\"173\"><\/td>\n<\/tr>\n<tr>\n<td width=\"307\">Requisitos de alimentaci\u00f3n<\/td>\n<td colspan=\"2\" width=\"308\">AC three-phase<\/p>\n<p>380V\/50HZ\u00b110%<\/td>\n<td width=\"173\"><\/td>\n<\/tr>\n<\/tbody>\n<\/table>\n<p><strong><b>Holand\u00e9s <\/b><\/strong><strong><b>DELEM-53T<\/b><\/strong><strong><b>\u00a0funci\u00f3n del sistema<\/b><\/strong><\/p>\n<p><img decoding=\"async\" class=\"alignnone wp-image-1409\" src=\"https:\/\/huaruicnclaser.com\/wp-content\/uploads\/2024\/10\/\u56fe\u72472-1-scaled.jpg\" alt=\"\" width=\"784\" height=\"1176\" srcset=\"https:\/\/huaruicnclaser.com\/wp-content\/uploads\/2024\/10\/\u56fe\u72472-1-scaled.jpg 1707w, https:\/\/huaruicnclaser.com\/wp-content\/uploads\/2024\/10\/\u56fe\u72472-1-200x300.jpg 200w, https:\/\/huaruicnclaser.com\/wp-content\/uploads\/2024\/10\/\u56fe\u72472-1-683x1024.jpg 683w, https:\/\/huaruicnclaser.com\/wp-content\/uploads\/2024\/10\/\u56fe\u72472-1-768x1152.jpg 768w, https:\/\/huaruicnclaser.com\/wp-content\/uploads\/2024\/10\/\u56fe\u72472-1-1024x1536.jpg 1024w, https:\/\/huaruicnclaser.com\/wp-content\/uploads\/2024\/10\/\u56fe\u72472-1-1365x2048.jpg 1365w, https:\/\/huaruicnclaser.com\/wp-content\/uploads\/2024\/10\/\u56fe\u72472-1-8x12.jpg 8w, https:\/\/huaruicnclaser.com\/wp-content\/uploads\/2024\/10\/\u56fe\u72472-1-800x1200.jpg 800w\" sizes=\"(max-width: 784px) 100vw, 784px\" \/><br \/>\n1. &#8220;10.1&#8221;high resolution true color TFT display.<br \/>\n2. Automatically calculate the total length of bending workpiece material.<br \/>\n3. Display of workpiece shape change before and after bending.<br \/>\n4. Output tonnage is calculated automatically by computer.<br \/>\n5. The folding plate points back to the gauge axis to avoid material.<br \/>\n6. Rear material stop delay action function, which can be controlled externally.<br \/>\n7. The lifting speed of pressure seat can be adjusted without section.<br \/>\n8. You can use shortcut keys to quickly switch directly on the programming and processing interface, making the operation more convenient and humanized.<br \/>\n9. The standard configuration is 3 + 1 axis (Y1, Y2, x, and compensation axis), and another optional axis can be used for R axis or Z axis.<br \/>\n10. The opening distance and slow point distance of the upper die are automatically set by the computer.<br \/>\n11. The workpiece is counted 9999 times, and the single project is repeated 99 times. The programs can be connected with each other.<br \/>\n12. Mold data can be stored in 30 groups of upper mold programs and 30 groups of lower mold programs, and the compressive strength of the mold can be input to prevent mold damage due to overpressure.<br \/>\n13. High precision upper and lower segmented die is printed with die length and angle on the front, which is convenient for selection.<br \/>\n14. Support servo or frequency conversion control. Advanced Y-axis control algorithm can control.<br \/>\n15. Computer convertible languages: English, simple and complex.<br \/>\n16. European Bosch Rexroth oil pressure system is adopted, and Y1 and Y2 can be adjusted independently.<br \/>\n17. The operation mode is simple, which can be divided into single action, linkage and manual.<br \/>\n18. Conversion from metric system to British system<br \/>\n19. USB peripheral interface.<br \/>\n20. Windows basic control operation function, which can directly switch on and off the machine.<\/p>\n<p><strong><b>Encofrado inferior seccional<\/b><\/strong><\/p>\n<p><img decoding=\"async\" width=\"1810\" height=\"2560\" class=\"alignnone size-full wp-image-1410\" src=\"https:\/\/huaruicnclaser.com\/wp-content\/uploads\/2024\/10\/\u56fe\u72473-scaled.jpg\" alt=\"\" srcset=\"https:\/\/huaruicnclaser.com\/wp-content\/uploads\/2024\/10\/\u56fe\u72473-scaled.jpg 1810w, https:\/\/huaruicnclaser.com\/wp-content\/uploads\/2024\/10\/\u56fe\u72473-212x300.jpg 212w, https:\/\/huaruicnclaser.com\/wp-content\/uploads\/2024\/10\/\u56fe\u72473-724x1024.jpg 724w, https:\/\/huaruicnclaser.com\/wp-content\/uploads\/2024\/10\/\u56fe\u72473-768x1086.jpg 768w, https:\/\/huaruicnclaser.com\/wp-content\/uploads\/2024\/10\/\u56fe\u72473-1086x1536.jpg 1086w, https:\/\/huaruicnclaser.com\/wp-content\/uploads\/2024\/10\/\u56fe\u72473-1448x2048.jpg 1448w, https:\/\/huaruicnclaser.com\/wp-content\/uploads\/2024\/10\/\u56fe\u72473-8x12.jpg 8w, https:\/\/huaruicnclaser.com\/wp-content\/uploads\/2024\/10\/\u56fe\u72473-800x1132.jpg 800w\" sizes=\"(max-width: 1810px) 100vw, 1810px\" \/><\/p>\n<p><strong><b>L<\/b><\/strong><strong><b>ista de las principales piezas de recambio de la m\u00e1quina herramienta<\/b><\/strong><\/p>\n<p>&nbsp;<\/p>\n<table>\n<tbody>\n<tr>\n<td><img loading=\"lazy\" decoding=\"async\" width=\"144\" height=\"96\" class=\"alignnone wp-image-1415 size-full aligncenter\" src=\"https:\/\/huaruicnclaser.com\/wp-content\/uploads\/2024\/10\/\u56fe\u72474-2.jpg\" alt=\"\" srcset=\"https:\/\/huaruicnclaser.com\/wp-content\/uploads\/2024\/10\/\u56fe\u72474-2.jpg 144w, https:\/\/huaruicnclaser.com\/wp-content\/uploads\/2024\/10\/\u56fe\u72474-2-18x12.jpg 18w\" sizes=\"(max-width: 144px) 100vw, 144px\" \/><br \/>\nHydraulic System<br \/>\n(Germany, Rexrot)<\/td>\n<td><img loading=\"lazy\" decoding=\"async\" width=\"144\" height=\"96\" class=\"wp-image-1412 size-full aligncenter\" src=\"https:\/\/huaruicnclaser.com\/wp-content\/uploads\/2024\/10\/\u56fe\u72475.jpg\" alt=\"\" srcset=\"https:\/\/huaruicnclaser.com\/wp-content\/uploads\/2024\/10\/\u56fe\u72475.jpg 144w, https:\/\/huaruicnclaser.com\/wp-content\/uploads\/2024\/10\/\u56fe\u72475-18x12.jpg 18w\" sizes=\"(max-width: 144px) 100vw, 144px\" \/><br \/>\nHydraulic System<br \/>\n(Germany, Rexrot)<\/td>\n<td><img loading=\"lazy\" decoding=\"async\" width=\"144\" height=\"96\" class=\"wp-image-1413 size-full aligncenter\" src=\"https:\/\/huaruicnclaser.com\/wp-content\/uploads\/2024\/10\/\u56fe\u72476.jpg\" alt=\"\" srcset=\"https:\/\/huaruicnclaser.com\/wp-content\/uploads\/2024\/10\/\u56fe\u72476.jpg 144w, https:\/\/huaruicnclaser.com\/wp-content\/uploads\/2024\/10\/\u56fe\u72476-18x12.jpg 18w\" sizes=\"(max-width: 144px) 100vw, 144px\" \/><br \/>\nHydraulic System<br \/>\n(Germany, Rexrot)<\/td>\n<\/tr>\n<tr>\n<td><img loading=\"lazy\" decoding=\"async\" width=\"196\" height=\"262\" class=\"alignnone wp-image-1419 size-full\" src=\"https:\/\/huaruicnclaser.com\/wp-content\/uploads\/2024\/10\/\u56fe\u72477-2.jpg\" alt=\"\" srcset=\"https:\/\/huaruicnclaser.com\/wp-content\/uploads\/2024\/10\/\u56fe\u72477-2.jpg 196w, https:\/\/huaruicnclaser.com\/wp-content\/uploads\/2024\/10\/\u56fe\u72477-2-9x12.jpg 9w\" sizes=\"(max-width: 196px) 100vw, 196px\" \/><br \/>\nOil Cylinder (Shanghai, HeYan)<br \/>\n(Turkey)<\/td>\n<td><img loading=\"lazy\" decoding=\"async\" width=\"196\" height=\"242\" class=\"alignnone wp-image-1420 size-full\" src=\"https:\/\/huaruicnclaser.com\/wp-content\/uploads\/2024\/10\/\u56fe\u72478-2.jpg\" alt=\"\" srcset=\"https:\/\/huaruicnclaser.com\/wp-content\/uploads\/2024\/10\/\u56fe\u72478-2.jpg 196w, https:\/\/huaruicnclaser.com\/wp-content\/uploads\/2024\/10\/\u56fe\u72478-2-10x12.jpg 10w\" sizes=\"(max-width: 196px) 100vw, 196px\" \/><br \/>\nSujeci\u00f3n<\/td>\n<td><img loading=\"lazy\" decoding=\"async\" width=\"196\" height=\"436\" class=\"alignnone wp-image-1421 size-full\" src=\"https:\/\/huaruicnclaser.com\/wp-content\/uploads\/2024\/10\/\u56fe\u72479-2.jpg\" alt=\"\" srcset=\"https:\/\/huaruicnclaser.com\/wp-content\/uploads\/2024\/10\/\u56fe\u72479-2.jpg 196w, https:\/\/huaruicnclaser.com\/wp-content\/uploads\/2024\/10\/\u56fe\u72479-2-135x300.jpg 135w, https:\/\/huaruicnclaser.com\/wp-content\/uploads\/2024\/10\/\u56fe\u72479-2-5x12.jpg 5w\" sizes=\"(max-width: 196px) 100vw, 196px\" \/>Regla de rejilla GV<\/td>\n<\/tr>\n<tr>\n<td><img loading=\"lazy\" decoding=\"async\" width=\"294\" height=\"215\" class=\"alignnone wp-image-1422 size-full\" src=\"https:\/\/huaruicnclaser.com\/wp-content\/uploads\/2024\/10\/\u56fe\u724710.jpg\" alt=\"\" srcset=\"https:\/\/huaruicnclaser.com\/wp-content\/uploads\/2024\/10\/\u56fe\u724710.jpg 294w, https:\/\/huaruicnclaser.com\/wp-content\/uploads\/2024\/10\/\u56fe\u724710-16x12.jpg 16w\" sizes=\"(max-width: 294px) 100vw, 294px\" \/><br \/>\nBanco de trabajo con bastidor de soporte de fabricaci\u00f3n propia<\/td>\n<td><img loading=\"lazy\" decoding=\"async\" width=\"294\" height=\"194\" class=\"alignnone wp-image-1423 size-full\" src=\"https:\/\/huaruicnclaser.com\/wp-content\/uploads\/2024\/10\/\u56fe\u724711.jpg\" alt=\"\" srcset=\"https:\/\/huaruicnclaser.com\/wp-content\/uploads\/2024\/10\/\u56fe\u724711.jpg 294w, https:\/\/huaruicnclaser.com\/wp-content\/uploads\/2024\/10\/\u56fe\u724711-18x12.jpg 18w\" sizes=\"(max-width: 294px) 100vw, 294px\" \/><br \/>\nCompensaci\u00f3n mec\u00e1nica<\/td>\n<\/tr>\n<\/tbody>\n<\/table>\n<p><strong>Carta de compromiso para el servicio posventa<\/strong><\/p>\n<p>Para los servicios de venta, la empresa se dividir\u00e1 en tres partes: preventa, venta y posventa. El compromiso de servicio de la empresa: un a\u00f1o de garant\u00eda, servicio de por vida.<\/p>\n<ol>\n<li>Servicio preventa<\/li>\n<\/ol>\n<p>La empresa se encarga de la preventa para proporcionar a los usuarios con el an\u00e1lisis de viabilidad y el esquema de configuraci\u00f3n de equipos fiables, de acuerdo con la situaci\u00f3n espec\u00edfica de los usuarios para proporcionar soluciones razonables y adecuadas, consultor de compras del cliente.<\/p>\n<ol start=\"2\">\n<li>Servicio de venta<\/li>\n<\/ol>\n<p>Ayudar a los usuarios a prepararse para la recogida con antelaci\u00f3n, y proporcionarles asistencia t\u00e9cnica y formaci\u00f3n con antelaci\u00f3n seg\u00fan sus necesidades.<\/p>\n<ol start=\"3\">\n<li>Servicio postventa<\/li>\n<\/ol>\n<p>La empresa es responsable del servicio de los usuarios en el per\u00edodo de garant\u00eda y m\u00e1s all\u00e1 del per\u00edodo de garant\u00eda, en el primer servicio post-venta, el personal de depuraci\u00f3n (mantenimiento) debe hacer el \"formulario de instalaci\u00f3n y puesta en marcha del equipo\" firma de confirmaci\u00f3n del usuario y \"formulario de formaci\u00f3n del equipo\" firma de confirmaci\u00f3n del usuario operador. En el futuro servicio, depuraci\u00f3n (mantenimiento) personal debe tener depuraci\u00f3n o mantenimiento informe escrito cada vez, todos los datos se conservan como archivos de clientes para el registro.<\/p>\n<p>&nbsp;<\/p>","protected":false},"excerpt":{"rendered":"<p>Ventajas: SISTEMA DELEM ENTREGA R\u00c1PIDA CON GU\u00cdA L\u00c1SER OPCI\u00d3N DSP OPCI\u00d3N WILA Estructura mec\u00e1nica 1.Todas las tecnolog\u00edas de esta m\u00e1quina son de Taiw\u00e1n, y su proceso de producci\u00f3n es el mismo que el de Taiw\u00e1n. Es producida por la empresa HUARUI. 2.La estructura principal de esta m\u00e1quina es autom\u00e1ticamente simulada y calculada por la \u00faltima versi\u00f3n de...<\/p>","protected":false},"featured_media":1335,"comment_status":"open","ping_status":"closed","template":"","meta":{"_uag_custom_page_level_css":"","_kad_post_transparent":"default","_kad_post_title":"","_kad_post_layout":"default","_kad_post_sidebar_id":"","_kad_post_content_style":"default","_kad_post_vertical_padding":"default","_kad_post_feature":"","_kad_post_feature_position":"","_kad_post_header":false,"_kad_post_footer":false,"_kad_post_classname":""},"product_brand":[],"product_cat":[36,25],"product_tag":[],"class_list":{"0":"post-1334","1":"product","2":"type-product","3":"status-publish","4":"has-post-thumbnail","6":"product_cat-press-brake","7":"product_cat-procucts","9":"first","10":"instock","11":"shipping-taxable","12":"product-type-simple","13":"entry","14":"content-bg","15":"loop-entry"},"aioseo_notices":[],"uagb_featured_image_src":{"full":["https:\/\/huaruicnclaser.com\/wp-content\/uploads\/2024\/10\/PRESS-BRAKE.jpg",800,800,false],"thumbnail":["https:\/\/huaruicnclaser.com\/wp-content\/uploads\/2024\/10\/PRESS-BRAKE-150x150.jpg",150,150,true],"medium":["https:\/\/huaruicnclaser.com\/wp-content\/uploads\/2024\/10\/PRESS-BRAKE-300x300.jpg",300,300,true],"medium_large":["https:\/\/huaruicnclaser.com\/wp-content\/uploads\/2024\/10\/PRESS-BRAKE-768x768.jpg",768,768,true],"large":["https:\/\/huaruicnclaser.com\/wp-content\/uploads\/2024\/10\/PRESS-BRAKE.jpg",800,800,false],"1536x1536":["https:\/\/huaruicnclaser.com\/wp-content\/uploads\/2024\/10\/PRESS-BRAKE.jpg",800,800,false],"2048x2048":["https:\/\/huaruicnclaser.com\/wp-content\/uploads\/2024\/10\/PRESS-BRAKE.jpg",800,800,false],"trp-custom-language-flag":["https:\/\/huaruicnclaser.com\/wp-content\/uploads\/2024\/10\/PRESS-BRAKE-12x12.jpg",12,12,true],"woocommerce_thumbnail":["https:\/\/huaruicnclaser.com\/wp-content\/uploads\/2024\/10\/PRESS-BRAKE.jpg",800,800,false],"woocommerce_single":["https:\/\/huaruicnclaser.com\/wp-content\/uploads\/2024\/10\/PRESS-BRAKE.jpg",800,800,false],"woocommerce_gallery_thumbnail":["https:\/\/huaruicnclaser.com\/wp-content\/uploads\/2024\/10\/PRESS-BRAKE-100x100.jpg",100,100,true]},"uagb_author_info":{"display_name":"hcaluminum01@gmail.com","author_link":"https:\/\/huaruicnclaser.com\/es\/author\/"},"uagb_comment_info":0,"uagb_excerpt":"Advantage: DELEM SYSTEM FAST DELIVERY WITH LASER GUIDE DSP OPTION WILA OPTION Mechanical structure 1.All technologies of this machine are from Taiwan, and its production process is the same as that in Taiwan. It is produced by HUARUI\u00a0company. The main structure of this machine is automatically simulated and calculated by the latest version of mathematical...","_links":{"self":[{"href":"https:\/\/huaruicnclaser.com\/es\/wp-json\/wp\/v2\/product\/1334","targetHints":{"allow":["GET"]}}],"collection":[{"href":"https:\/\/huaruicnclaser.com\/es\/wp-json\/wp\/v2\/product"}],"about":[{"href":"https:\/\/huaruicnclaser.com\/es\/wp-json\/wp\/v2\/types\/product"}],"replies":[{"embeddable":true,"href":"https:\/\/huaruicnclaser.com\/es\/wp-json\/wp\/v2\/comments?post=1334"}],"wp:featuredmedia":[{"embeddable":true,"href":"https:\/\/huaruicnclaser.com\/es\/wp-json\/wp\/v2\/media\/1335"}],"wp:attachment":[{"href":"https:\/\/huaruicnclaser.com\/es\/wp-json\/wp\/v2\/media?parent=1334"}],"wp:term":[{"taxonomy":"product_brand","embeddable":true,"href":"https:\/\/huaruicnclaser.com\/es\/wp-json\/wp\/v2\/product_brand?post=1334"},{"taxonomy":"product_cat","embeddable":true,"href":"https:\/\/huaruicnclaser.com\/es\/wp-json\/wp\/v2\/product_cat?post=1334"},{"taxonomy":"product_tag","embeddable":true,"href":"https:\/\/huaruicnclaser.com\/es\/wp-json\/wp\/v2\/product_tag?post=1334"}],"curies":[{"name":"wp","href":"https:\/\/api.w.org\/{rel}","templated":true}]}}