{"id":1338,"date":"2024-10-30T13:21:21","date_gmt":"2024-10-30T05:21:21","guid":{"rendered":"https:\/\/huaruicnclaser.com\/?post_type=product&#038;p=1338"},"modified":"2024-11-12T11:59:04","modified_gmt":"2024-11-12T03:59:04","slug":"fiber-laser-welding-machine-for-metal","status":"publish","type":"product","link":"https:\/\/huaruicnclaser.com\/es\/producto\/fiber-laser-welding-machine-for-metal\/","title":{"rendered":"M\u00c1QUINA DE SOLDAR L\u00c1SER DE FIBRA"},"content":{"rendered":"<p><strong><b>I<\/b><\/strong><strong><b>Ventajas de la m\u00e1quina de soldadura l\u00e1ser de fibra H1500W<\/b><\/strong><\/p>\n<ol>\n<li>Pocos requisitos t\u00e9cnicos para el personal;<\/li>\n<li>La zona afectada por el calor es peque\u00f1a y no es f\u00e1cil de deformar;<\/li>\n<li>El espacio de soldadura es estrecho;<\/li>\n<li>Enfriar r\u00e1pidamente;<\/li>\n<li>La calidad de la soldadura es magn\u00edfica y no es necesario ning\u00fan esmerilado secundario (o esmerilado ligero);<\/li>\n<\/ol>\n<p><strong><b>II<\/b><\/strong><strong><b>Par\u00e1metros t\u00e9cnicos<\/b><\/strong><strong><b>s<\/b><\/strong><strong><b>\u00a0<\/b><\/strong><\/p>\n<table>\n<tbody>\n<tr>\n<td width=\"116\">Potencia l\u00e1ser<\/td>\n<td colspan=\"3\" width=\"256\">1000w<\/td>\n<td colspan=\"3\" width=\"229\">1500W<\/td>\n<td colspan=\"3\" width=\"238\">2000W<\/td>\n<\/tr>\n<tr>\n<td width=\"116\">Material de soldadura<\/td>\n<td width=\"88\">Acero inoxidable<\/td>\n<td width=\"86\">Acero al carbono<\/td>\n<td width=\"82\">Aluminio<\/td>\n<td width=\"84\">Acero inoxidable<\/td>\n<td width=\"72\">Acero al carbono<\/td>\n<td width=\"73\">Aluminio<\/td>\n<td width=\"94\">Acero inoxidable<\/td>\n<td width=\"71\">Acero al carbono<\/td>\n<td width=\"73\">Aluminio<\/td>\n<\/tr>\n<tr>\n<td width=\"116\">Espesor de soldadura(mm\uff09<\/td>\n<td width=\"88\">2<\/td>\n<td width=\"86\">2<\/td>\n<td width=\"82\">1<\/td>\n<td width=\"84\">3<\/td>\n<td width=\"72\">3<\/td>\n<td width=\"73\">2<\/td>\n<td width=\"94\">4<\/td>\n<td width=\"71\">4<\/td>\n<td width=\"73\">3<\/td>\n<\/tr>\n<tr>\n<td width=\"116\">Espesor de soldadura(pulgada\uff09<\/td>\n<td width=\"88\"><\/td>\n<td width=\"86\"><\/td>\n<td width=\"82\"><\/td>\n<td width=\"84\"><\/td>\n<td width=\"72\"><\/td>\n<td width=\"73\"><\/td>\n<td width=\"94\"><\/td>\n<td width=\"71\"><\/td>\n<td width=\"73\"><\/td>\n<\/tr>\n<tr>\n<td width=\"116\">Alambre de soldadura adaptable<\/td>\n<td colspan=\"9\" width=\"723\">di\u00e1metro del hilo de soldadura 0,8-1,6 mm<\/td>\n<\/tr>\n<tr>\n<td width=\"116\">Requisitos del cord\u00f3n de soldadura<\/td>\n<td colspan=\"9\" width=\"723\">soldadura de alambre de relleno\u22641MM Soldadura oscilante \u226415% de placas de espesor\u22640,3MM<\/td>\n<\/tr>\n<tr>\n<td width=\"116\">Peso de la m\u00e1quina<\/td>\n<td colspan=\"3\" width=\"256\">220KG<\/td>\n<td colspan=\"3\" width=\"229\">220KG<\/td>\n<td colspan=\"3\" width=\"238\">300KG<\/td>\n<\/tr>\n<tr>\n<td width=\"116\">Tama\u00f1o de la m\u00e1quina (mm)<\/td>\n<td colspan=\"3\" width=\"256\">954X715X1080<\/td>\n<td colspan=\"3\" width=\"229\">954X715X1080<\/td>\n<td colspan=\"3\" width=\"238\">1155X715X1160<\/td>\n<\/tr>\n<tr>\n<td width=\"116\">Tama\u00f1o de la m\u00e1quina (pulgadas)<\/td>\n<td colspan=\"3\" width=\"256\"><\/td>\n<td colspan=\"3\" width=\"229\"><\/td>\n<td colspan=\"3\" width=\"238\"><\/td>\n<\/tr>\n<tr>\n<td width=\"116\">Longitud de la l\u00ednea de la pistola de soldar<\/td>\n<td colspan=\"9\" width=\"723\">10m\uff08El tubo de alimentaci\u00f3n de alambre del alimentador de alambre tiene una longitud de 3 metros\uff09.<\/td>\n<\/tr>\n<tr>\n<td width=\"116\">Peso de la pistola de soldar<\/td>\n<td colspan=\"9\" width=\"723\">Tipo de espejo vibratorio\uff08Qi Lin\uff09\uff1a0.9KG<\/td>\n<\/tr>\n<tr>\n<td width=\"116\">Potencia de la m\u00e1quina<\/td>\n<td colspan=\"3\" width=\"256\">7KW<\/td>\n<td colspan=\"3\" width=\"229\">9KW<\/td>\n<td colspan=\"3\" width=\"238\">12KW<\/td>\n<\/tr>\n<tr>\n<td width=\"116\">Idiomas admitidos<\/td>\n<td colspan=\"9\" width=\"723\">Standard: Chinese, English, Korean, Vietnamese, Russian<\/p>\n<p>Japanese\u00a0and Spanish can be customized ( delivery time plus 7 days)<\/td>\n<\/tr>\n<tr>\n<td width=\"116\">Tensi\u00f3n y frecuencia<\/td>\n<td colspan=\"9\" width=\"723\">Est\u00e1ndar\uff1a380V\/50HZ Otros voltajes y frecuencias opcionales<\/td>\n<\/tr>\n<\/tbody>\n<\/table>\n<p><strong><b>\u00a0<\/b><\/strong><strong><b>\u00a0<\/b><\/strong><strong><b>III<\/b><\/strong><strong><b>.<\/b><\/strong><strong><b>Materiales de soldadura&amp;Aplicaci\u00f3n<\/b><\/strong><b><\/b><\/p>\n<p>La m\u00e1quina de soldadura l\u00e1ser puede utilizarse para soldar acero inoxidable, acero al carbono, aluminio, cromo, n\u00edquel, titanio y otros metales;<\/p>\n<p><img fetchpriority=\"high\" decoding=\"async\" class=\"alignnone wp-image-1645\" src=\"https:\/\/huaruicnclaser.com\/wp-content\/uploads\/2024\/10\/WPS\u62fc\u56fe0.png\" alt=\"\" width=\"750\" height=\"750\" srcset=\"https:\/\/huaruicnclaser.com\/wp-content\/uploads\/2024\/10\/WPS\u62fc\u56fe0.png 1200w, https:\/\/huaruicnclaser.com\/wp-content\/uploads\/2024\/10\/WPS\u62fc\u56fe0-300x300.png 300w, https:\/\/huaruicnclaser.com\/wp-content\/uploads\/2024\/10\/WPS\u62fc\u56fe0-1024x1024.png 1024w, https:\/\/huaruicnclaser.com\/wp-content\/uploads\/2024\/10\/WPS\u62fc\u56fe0-150x150.png 150w, https:\/\/huaruicnclaser.com\/wp-content\/uploads\/2024\/10\/WPS\u62fc\u56fe0-768x768.png 768w, https:\/\/huaruicnclaser.com\/wp-content\/uploads\/2024\/10\/WPS\u62fc\u56fe0-12x12.png 12w, https:\/\/huaruicnclaser.com\/wp-content\/uploads\/2024\/10\/WPS\u62fc\u56fe0-800x800.png 800w, https:\/\/huaruicnclaser.com\/wp-content\/uploads\/2024\/10\/WPS\u62fc\u56fe0-100x100.png 100w\" sizes=\"(max-width: 750px) 100vw, 750px\" \/> <img decoding=\"async\" class=\"alignnone wp-image-1646\" src=\"https:\/\/huaruicnclaser.com\/wp-content\/uploads\/2024\/10\/WPS\u62fc\u56fe1.png\" alt=\"\" width=\"740\" height=\"656\" srcset=\"https:\/\/huaruicnclaser.com\/wp-content\/uploads\/2024\/10\/WPS\u62fc\u56fe1.png 1200w, https:\/\/huaruicnclaser.com\/wp-content\/uploads\/2024\/10\/WPS\u62fc\u56fe1-300x266.png 300w, https:\/\/huaruicnclaser.com\/wp-content\/uploads\/2024\/10\/WPS\u62fc\u56fe1-1024x907.png 1024w, https:\/\/huaruicnclaser.com\/wp-content\/uploads\/2024\/10\/WPS\u62fc\u56fe1-768x680.png 768w, https:\/\/huaruicnclaser.com\/wp-content\/uploads\/2024\/10\/WPS\u62fc\u56fe1-14x12.png 14w, https:\/\/huaruicnclaser.com\/wp-content\/uploads\/2024\/10\/WPS\u62fc\u56fe1-800x709.png 800w\" sizes=\"(max-width: 740px) 100vw, 740px\" \/><\/p>\n<ul>\n<li><b><\/b><strong><b>Soldadura com\u00fan<\/b><\/strong><strong><b>ing <\/b><\/strong><strong><b>M\u00e9todos<\/b><\/strong><\/li>\n<\/ul>\n<p><strong><b> <img decoding=\"async\" class=\"size-full wp-image-1406 alignleft\" src=\"https:\/\/huaruicnclaser.com\/wp-content\/uploads\/2024\/10\/\u56fe\u72472.jpg\" alt=\"\" width=\"1410\" height=\"660\" srcset=\"https:\/\/huaruicnclaser.com\/wp-content\/uploads\/2024\/10\/\u56fe\u72472.jpg 1410w, https:\/\/huaruicnclaser.com\/wp-content\/uploads\/2024\/10\/\u56fe\u72472-300x140.jpg 300w, https:\/\/huaruicnclaser.com\/wp-content\/uploads\/2024\/10\/\u56fe\u72472-1024x479.jpg 1024w, https:\/\/huaruicnclaser.com\/wp-content\/uploads\/2024\/10\/\u56fe\u72472-768x359.jpg 768w, https:\/\/huaruicnclaser.com\/wp-content\/uploads\/2024\/10\/\u56fe\u72472-18x8.jpg 18w, https:\/\/huaruicnclaser.com\/wp-content\/uploads\/2024\/10\/\u56fe\u72472-800x374.jpg 800w\" sizes=\"(max-width: 1410px) 100vw, 1410px\" \/><\/b><\/strong><\/p>\n<ul>\n<li><b><\/b><strong><b>Industria de aplicaci\u00f3n<\/b><\/strong><\/li>\n<\/ul>\n<p>La m\u00e1quina de soldadura l\u00e1ser de fibra se utiliza ampliamente en la industria de TI, equipos m\u00e9dicos, equipos de comunicaciones, aeroespacial, fabricaci\u00f3n de maquinaria, fabricaci\u00f3n de bater\u00edas, fabricaci\u00f3n de ascensores, regalos artesanales, fabricaci\u00f3n de electrodom\u00e9sticos, herramientas, engranajes, construcci\u00f3n naval de autom\u00f3viles y otras industrias.<\/p>\n<div style=\"width: 720px;\" class=\"wp-video\"><video class=\"wp-video-shortcode\" id=\"video-1338-1\" width=\"720\" height=\"1280\" preload=\"metadata\" controls=\"controls\"><source type=\"video\/mp4\" src=\"https:\/\/huaruicnclaser.com\/wp-content\/uploads\/2024\/10\/\u53cc\u9001\u4e1d\u710a\u63a5\u673a.mp4?_=1\" \/><a href=\"https:\/\/huaruicnclaser.com\/wp-content\/uploads\/2024\/10\/\u53cc\u9001\u4e1d\u710a\u63a5\u673a.mp4\">https:\/\/huaruicnclaser.com\/wp-content\/uploads\/2024\/10\/\u53cc\u9001\u4e1d\u710a\u63a5\u673a.mp4<\/a><\/video><\/div>\n<ul>\n<li><b><\/b><strong><b>Comparaci\u00f3n de la soldadura l\u00e1ser y los m\u00e9todos de soldadura tradicionales<\/b><\/strong><\/li>\n<\/ul>\n<table>\n<tbody>\n<tr>\n<td width=\"167\"><strong><b>Elemento de comparaci\u00f3n<\/b><\/strong><\/td>\n<td width=\"223\"><strong><b>Soldadura tradicional<\/b><\/strong><\/td>\n<td width=\"223\"><strong><b>Soldadura l\u00e1ser<\/b><\/strong><\/td>\n<td width=\"198\"><strong><b>soldadura l\u00e1ser de nueva generaci\u00f3n<\/b><\/strong><\/td>\n<\/tr>\n<tr>\n<td width=\"167\">Entrada de calor en la pieza<\/td>\n<td width=\"223\">Muy alta<\/td>\n<td width=\"223\">Bajo<\/td>\n<td width=\"198\">Bajo<\/td>\n<\/tr>\n<tr>\n<td width=\"167\">Deformaci\u00f3n de la pieza, socavado<\/td>\n<td width=\"223\">Enorme<\/td>\n<td width=\"223\">Peque\u00f1o<\/td>\n<td width=\"198\">Tiny<\/td>\n<\/tr>\n<tr>\n<td width=\"167\">Resistencia de la uni\u00f3n al material base<\/td>\n<td width=\"223\">Media<\/td>\n<td width=\"223\">Bien<\/td>\n<td width=\"198\">Genial<\/td>\n<\/tr>\n<tr>\n<td width=\"167\">Tratamiento posterior<\/td>\n<td width=\"223\">Necesita lijado<\/td>\n<td width=\"223\">Sin lijar o un poco lijado<\/td>\n<td width=\"198\">Sin lijar o un poco lijado<\/td>\n<\/tr>\n<tr>\n<td width=\"167\">Velocidad de soldadura<\/td>\n<td width=\"223\">Media<\/td>\n<td width=\"223\">M\u00e1s de 2 veces la soldadura por arco de arg\u00f3n<\/td>\n<td width=\"198\">M\u00e1s de 2 veces la soldadura por arco de arg\u00f3n<\/td>\n<\/tr>\n<tr>\n<td width=\"167\">Materiales aplicables<\/td>\n<td width=\"223\">Stainless steel<\/p>\n<p>carbon steel<\/p>\n<p>galvanized sheet<\/td>\n<td width=\"223\">Stainless steel<\/p>\n<p>carbon steel<\/p>\n<p>galvanized sheet<\/td>\n<td width=\"198\">Stainless steel<\/p>\n<p>carbon steel<\/p>\n<p>galvanized sheet<\/td>\n<\/tr>\n<tr>\n<td width=\"167\">Suministros<\/td>\n<td width=\"223\">Plenty<\/td>\n<td width=\"223\">Algunos<\/td>\n<td width=\"198\">Algunos<\/td>\n<\/tr>\n<tr>\n<td width=\"167\">Dificultad de la operaci\u00f3n<\/td>\n<td width=\"223\">Complejo<\/td>\n<td width=\"223\">Media<\/td>\n<td width=\"198\">F\u00e1cil<\/td>\n<\/tr>\n<tr>\n<td width=\"167\">Seguridad del operador<\/td>\n<td width=\"223\">No es seguro<\/td>\n<td width=\"223\">Seguro<\/td>\n<td width=\"198\">Seguro<\/td>\n<\/tr>\n<tr>\n<td width=\"167\">Impacto en la protecci\u00f3n del medio ambiente<\/td>\n<td width=\"223\">No protege el medio ambiente<\/td>\n<td width=\"223\">Protecci\u00f3n del medio ambiente<\/td>\n<td width=\"198\">Protecci\u00f3n del medio ambiente<\/td>\n<\/tr>\n<tr>\n<td width=\"167\">Tolerancia a fallos de soldadura<\/td>\n<td width=\"223\">Mal<\/td>\n<td width=\"223\">Bien<\/td>\n<td width=\"198\">Genial<\/td>\n<\/tr>\n<tr>\n<td width=\"167\">Soldadura de tejidos<\/td>\n<td width=\"223\">Ninguno<\/td>\n<td width=\"223\">Ninguno<\/td>\n<td width=\"198\">Equipado<\/td>\n<\/tr>\n<tr>\n<td width=\"167\">Anchura del punto de luz ajustable<\/td>\n<td width=\"223\">Ninguno<\/td>\n<td width=\"223\">Ninguno<\/td>\n<td width=\"198\">Equipado<\/td>\n<\/tr>\n<tr>\n<td width=\"167\">Comparaci\u00f3n de la calidad de la soldadura<\/td>\n<td width=\"223\">Bajo<\/td>\n<td width=\"223\">Media<\/td>\n<td width=\"198\">Super Alta<\/td>\n<\/tr>\n<\/tbody>\n<\/table>\n<p><strong><b>1.<\/b><\/strong><strong><b>Coste laboral<\/b><\/strong><strong><b>\u00a0<\/b><\/strong><\/p>\n<ul>\n<li>Coste laboral de la soldadura por arco de arg\u00f3n: la soldadura por arco de arg\u00f3n requiere un soldador maduro. El salario mensual de un soldador maduro es de 1200 USD. El coste de la mano de obra durante un a\u00f1o es de 1200*12=14400 USD\uff1b.<\/li>\n<li>Coste de la mano de obra de soldadura manual: La soldadura manual es sencilla y f\u00e1cil de aprender. Los operarios normales pueden aprenderla en 1-2 d\u00edas. El salario mensual de un operario normal suele rondar los 600 d\u00f3lares, y el coste de la mano de obra anual es de 600*12=7.200 d\u00f3lares. S\u00f3lo en t\u00e9rminos de costes de mano de obra, la sustituci\u00f3n de la soldadura por arco de arg\u00f3n por la soldadura manual puede ahorrar 7.200 d\u00f3lares de salario por operario al a\u00f1o.<\/li>\n<li>Los soldadores de soldadura por arco de arg\u00f3n son \"dif\u00edciles de contratar\" y requieren una experiencia y un nivel de destreza extremadamente altos para los soldadores. La soldadura l\u00e1ser tambi\u00e9n puede ser operada por personal no profesional. \"Empezar y soldar\" se ha convertido en una ventaja \u00fanica de la soldadura l\u00e1ser. Adem\u00e1s, como los salarios de la mano de obra han aumentado a\u00f1o tras a\u00f1o, esto ha incrementado a\u00fan m\u00e1s los costes laborales de las empresas. El coste de un trabajador de soldadura profesional y un trabajador general ha alcanzado generalmente una diferencia de 2-3 veces.<\/li>\n<\/ul>\n<p><strong><b>2.<\/b><\/strong><strong><b>Deformaci\u00f3n <\/b><\/strong>El calor de la m\u00e1quina de soldadura l\u00e1ser est\u00e1 m\u00e1s concentrado, y la deformaci\u00f3n t\u00e9rmica causada por el material es peque\u00f1a. La zona afectada por el calor de la soldadura l\u00e1ser es s\u00f3lo una d\u00e9cima parte de la de la soldadura por arco de arg\u00f3n. Cuando la placa fina est\u00e1 totalmente soldada, la deformaci\u00f3n es tambi\u00e9n la m\u00e1s peque\u00f1a.<\/p>\n<p><strong><b>3.<\/b><\/strong><strong><b>Calidad de la soldadura <\/b><\/strong>Las m\u00e1quinas de soldadura l\u00e1ser tienen m\u00e1s ventajas en la soldadura de materiales de paredes delgadas. En t\u00e9rminos de precisi\u00f3n, la m\u00e1quina de soldadura l\u00e1ser tiene mayor precisi\u00f3n, y la m\u00e1quina de soldadura l\u00e1ser es m\u00e1s hermosa. La soldadura posterior b\u00e1sicamente no necesita ser pulida, lo que reduce un proceso, y ahorra tiempo y problemas y ahorra el coste de pulido.<\/p>\n<p><strong><b>4.<\/b><\/strong><strong><b>Velocidad de soldadura <\/b><\/strong>Para un soldador de arco de arg\u00f3n maduro, suponemos que puede soldar 10 productos en una hora. Estimamos de forma conservadora la velocidad de la soldadura manual por l\u00e1ser. Se pueden soldar al menos 20 productos en una hora; equivale a la capacidad de dos trabajadores de soldadura por arco de arg\u00f3n. El salario anual de 2 trabajadores de soldadura por arco de arg\u00f3n es de 29500 USD; el salario anual de un soldador manual es de 7500 USD; el salario ahorrado es de 22000 USD.<\/p>\n<p><strong><b>V<\/b><\/strong><strong><b>.<\/b><\/strong><strong><b>Configuraci\u00f3n<\/b><\/strong><\/p>\n<table>\n<tbody>\n<tr>\n<td width=\"225\">NOMBRE<\/td>\n<td width=\"150\">NO.<\/td>\n<td width=\"433\">MARCA<\/td>\n<\/tr>\n<tr>\n<td width=\"225\">Armario de casos y controles<\/td>\n<td width=\"150\">1<\/td>\n<td width=\"433\">HUARUI<\/td>\n<\/tr>\n<tr>\n<td width=\"225\">Refrigerador de agua<\/td>\n<td width=\"150\">1<\/td>\n<td width=\"433\">HANLI<\/td>\n<\/tr>\n<tr>\n<td width=\"225\">Pieza neum\u00e1tica<\/td>\n<td width=\"150\">1<\/td>\n<td width=\"433\">SCHNEIDER\/AIRTAC<\/td>\n<\/tr>\n<tr>\n<td width=\"225\">Sistema de soldadura<\/td>\n<td width=\"150\">1<\/td>\n<td width=\"433\">EST\u00c1NDAR<\/td>\n<\/tr>\n<tr>\n<td width=\"225\">Fuente l\u00e1ser<\/td>\n<td width=\"150\">1<\/td>\n<td width=\"433\">RAYCUS<\/td>\n<\/tr>\n<tr>\n<td width=\"225\">Cabezal de soldadura<\/td>\n<td width=\"150\">1<\/td>\n<td width=\"433\">Est\u00e1ndar<\/td>\n<\/tr>\n<tr>\n<td width=\"225\">Herramientas de mantenimiento ( gafas de protecci\u00f3n )<\/td>\n<td width=\"150\">1<\/td>\n<td width=\"433\">HUARUI<\/td>\n<\/tr>\n<tr>\n<td width=\"225\">Manuales de instrucciones<\/td>\n<td width=\"150\">1<\/td>\n<td width=\"433\">HUARUI<\/td>\n<\/tr>\n<tr>\n<td width=\"225\">Certificado de la m\u00e1quina<\/td>\n<td width=\"150\">1<\/td>\n<td width=\"433\">HUARUI<\/td>\n<\/tr>\n<\/tbody>\n<\/table>\n<p><strong><b>VI<\/b><\/strong><strong><b>Coste<\/b><\/strong><\/p>\n<table>\n<tbody>\n<tr>\n<td colspan=\"2\" rowspan=\"2\" width=\"224\"><strong><b>PUNTO<\/b><\/strong><\/td>\n<td width=\"169\"><strong><b>1KW <\/b><\/strong><\/td>\n<td width=\"207\"><strong><b>1,5 KW<\/b><\/strong><\/td>\n<td width=\"233\"><strong><b>2KW<\/b><\/strong><\/td>\n<\/tr>\n<tr>\n<td width=\"169\"><strong><b>Soldadura con nitr\u00f3geno <\/b><\/strong><\/td>\n<td width=\"207\"><strong><b>Soldadura con nitr\u00f3geno <\/b><\/strong><\/td>\n<td width=\"233\"><strong><b>Soldadura con nitr\u00f3geno <\/b><\/strong><\/td>\n<\/tr>\n<tr>\n<td rowspan=\"2\" width=\"138\">Soldadura con nitr\u00f3geno<\/td>\n<td width=\"86\">RMB\/H<\/td>\n<td colspan=\"3\" width=\"610\">0.5\/H<\/td>\n<\/tr>\n<tr>\n<td width=\"86\">USD\/H<\/td>\n<td colspan=\"3\" width=\"610\">0,076 (1USD \u2248 6,54RMB)<\/td>\n<\/tr>\n<tr>\n<td width=\"138\">Consumo de gas (soldadura continua)<\/td>\n<td width=\"86\"><\/td>\n<td width=\"169\">0,01 m\u00b3\/H<\/td>\n<td width=\"207\">0,01 m\u00b3\/H<\/td>\n<td width=\"233\">0,01 m\u00b3\/H<\/td>\n<\/tr>\n<tr>\n<td width=\"138\">Potencia total<\/td>\n<td width=\"86\"><\/td>\n<td width=\"169\">7KW<\/td>\n<td width=\"207\">9KW<\/td>\n<td width=\"233\">12KW<\/td>\n<\/tr>\n<tr>\n<td width=\"138\">Total\u00a0electrical\u00a0consumption<\/p>\n<p>\uff08Take 60% welding efficiency\uff09<\/td>\n<td width=\"86\"><\/td>\n<td width=\"169\">4,2KW\/H<\/td>\n<td width=\"207\">5,4 KW\/H<\/td>\n<td width=\"233\">7,2KW\/H<\/td>\n<\/tr>\n<tr>\n<td rowspan=\"2\" width=\"138\">Total\u00a0running\u00a0cost\uff08continuous\u00a0welding\uff09<\/p>\n<p>\uff08as\u00a0per\u00a00.15$\/kwh\uff09<\/td>\n<td width=\"86\">RMB\/H<\/td>\n<td width=\"169\">19\/H<\/td>\n<td width=\"207\">20.98\/H<\/td>\n<td width=\"233\">22\/H<\/td>\n<\/tr>\n<tr>\n<td width=\"86\">USD\/H<\/td>\n<td width=\"169\">2.91<\/td>\n<td width=\"207\">3.21<\/td>\n<td width=\"233\">3.36<\/td>\n<\/tr>\n<\/tbody>\n<\/table>\n<p>Nota: Los precios de la electricidad y el gas de la lista anterior son s\u00f3lo de referencia, y los precios pueden variar de una regi\u00f3n a otra. Dado que los trabajadores no pueden realizar soldaduras continuas durante mucho tiempo en el uso real, el coste de uso real ser\u00e1 inferior a los datos estimados.<\/p>\n<p>&nbsp;<\/p>","protected":false},"excerpt":{"rendered":"<ol>\n<li>Pocos requisitos t\u00e9cnicos para el personal;<\/li>\n<li>La zona afectada por el calor es peque\u00f1a y no es f\u00e1cil de deformar;<\/li>\n<li>El espacio de soldadura es estrecho;<\/li>\n<li>Enfriar r\u00e1pidamente;<\/li>\n<li>La calidad de la soldadura es magn\u00edfica y no es necesario ning\u00fan esmerilado secundario (o esmerilado ligero);<\/li>\n<\/ol>","protected":false},"featured_media":1647,"comment_status":"open","ping_status":"closed","template":"","meta":{"_uag_custom_page_level_css":"","_kad_post_transparent":"default","_kad_post_title":"","_kad_post_layout":"default","_kad_post_sidebar_id":"","_kad_post_content_style":"default","_kad_post_vertical_padding":"default","_kad_post_feature":"","_kad_post_feature_position":"","_kad_post_header":false,"_kad_post_footer":false,"_kad_post_classname":""},"product_brand":[],"product_cat":[35,25],"product_tag":[],"class_list":{"0":"post-1338","1":"product","2":"type-product","3":"status-publish","4":"has-post-thumbnail","6":"product_cat-fiber-laser-cutting-machine","7":"product_cat-procucts","9":"first","10":"instock","11":"shipping-taxable","12":"product-type-simple","13":"entry","14":"content-bg","15":"loop-entry"},"aioseo_notices":[],"uagb_featured_image_src":{"full":["https:\/\/huaruicnclaser.com\/wp-content\/uploads\/2024\/10\/8881b3ec391e6ed7344475756fe4de11.jpg",800,800,false],"thumbnail":["https:\/\/huaruicnclaser.com\/wp-content\/uploads\/2024\/10\/8881b3ec391e6ed7344475756fe4de11-150x150.jpg",150,150,true],"medium":["https:\/\/huaruicnclaser.com\/wp-content\/uploads\/2024\/10\/8881b3ec391e6ed7344475756fe4de11-300x300.jpg",300,300,true],"medium_large":["https:\/\/huaruicnclaser.com\/wp-content\/uploads\/2024\/10\/8881b3ec391e6ed7344475756fe4de11-768x768.jpg",768,768,true],"large":["https:\/\/huaruicnclaser.com\/wp-content\/uploads\/2024\/10\/8881b3ec391e6ed7344475756fe4de11.jpg",800,800,false],"1536x1536":["https:\/\/huaruicnclaser.com\/wp-content\/uploads\/2024\/10\/8881b3ec391e6ed7344475756fe4de11.jpg",800,800,false],"2048x2048":["https:\/\/huaruicnclaser.com\/wp-content\/uploads\/2024\/10\/8881b3ec391e6ed7344475756fe4de11.jpg",800,800,false],"trp-custom-language-flag":["https:\/\/huaruicnclaser.com\/wp-content\/uploads\/2024\/10\/8881b3ec391e6ed7344475756fe4de11-12x12.jpg",12,12,true],"woocommerce_thumbnail":["https:\/\/huaruicnclaser.com\/wp-content\/uploads\/2024\/10\/8881b3ec391e6ed7344475756fe4de11.jpg",800,800,false],"woocommerce_single":["https:\/\/huaruicnclaser.com\/wp-content\/uploads\/2024\/10\/8881b3ec391e6ed7344475756fe4de11.jpg",800,800,false],"woocommerce_gallery_thumbnail":["https:\/\/huaruicnclaser.com\/wp-content\/uploads\/2024\/10\/8881b3ec391e6ed7344475756fe4de11-100x100.jpg",100,100,true]},"uagb_author_info":{"display_name":"hcaluminum01@gmail.com","author_link":"https:\/\/huaruicnclaser.com\/es\/author\/"},"uagb_comment_info":0,"uagb_excerpt":"Low technical requirements for personnel; The heat-affected zone is small and not easy to deform; The weld gap is narrow; Cool quickly; The welding quality is beautiful and no secondary grinding (or light grinding) is required;","_links":{"self":[{"href":"https:\/\/huaruicnclaser.com\/es\/wp-json\/wp\/v2\/product\/1338","targetHints":{"allow":["GET"]}}],"collection":[{"href":"https:\/\/huaruicnclaser.com\/es\/wp-json\/wp\/v2\/product"}],"about":[{"href":"https:\/\/huaruicnclaser.com\/es\/wp-json\/wp\/v2\/types\/product"}],"replies":[{"embeddable":true,"href":"https:\/\/huaruicnclaser.com\/es\/wp-json\/wp\/v2\/comments?post=1338"}],"wp:featuredmedia":[{"embeddable":true,"href":"https:\/\/huaruicnclaser.com\/es\/wp-json\/wp\/v2\/media\/1647"}],"wp:attachment":[{"href":"https:\/\/huaruicnclaser.com\/es\/wp-json\/wp\/v2\/media?parent=1338"}],"wp:term":[{"taxonomy":"product_brand","embeddable":true,"href":"https:\/\/huaruicnclaser.com\/es\/wp-json\/wp\/v2\/product_brand?post=1338"},{"taxonomy":"product_cat","embeddable":true,"href":"https:\/\/huaruicnclaser.com\/es\/wp-json\/wp\/v2\/product_cat?post=1338"},{"taxonomy":"product_tag","embeddable":true,"href":"https:\/\/huaruicnclaser.com\/es\/wp-json\/wp\/v2\/product_tag?post=1338"}],"curies":[{"name":"wp","href":"https:\/\/api.w.org\/{rel}","templated":true}]}}