{"id":1488,"date":"2024-11-03T23:38:37","date_gmt":"2024-11-03T15:38:37","guid":{"rendered":"https:\/\/huaruicnclaser.com\/?post_type=product&#038;p=1488"},"modified":"2024-11-08T14:49:41","modified_gmt":"2024-11-08T06:49:41","slug":"coil-laser-cutting-machine-h1503","status":"publish","type":"product","link":"https:\/\/huaruicnclaser.com\/es\/producto\/coil-laser-cutting-machine-h1503\/","title":{"rendered":"BLANQUEADORA DE BOBINAS CON CORTADORA L\u00c1SER DE FIBRA"},"content":{"rendered":"<p style=\"text-align: center;\"><strong>M\u00c1QUINA DE CORTE POR L\u00c1SER DE FIBRA DE BOBINA<\/strong><\/p>\n<p><strong>El H1503 se utiliza ampliamente para el blanking de materiales en bobina como el aluminio, el acero inoxidable y el acero al carbono.<\/strong><\/p>\n<p>It can uncoil carbon steel, stainless steel, and aluminum with a thickness of less than 20 mm. The most popular model is primarily designed for processing materials up to 3 mm thick, utilizing either 3000W or 6000W fiber laser power. After processing, the coil is transformed into finished products. This fiber laser cutting system for coils allows factories to reduce the number of workers needed in the workshop. It can help improve operational efficiency and save on labor costs.<\/p>\n<p>The coil blanking system typically only allows for cutting large, straight pieces. However, our coil machine, equipped with a fiber laser cutting system, can cut any shape that clients want.<\/p>\n<p><img fetchpriority=\"high\" decoding=\"async\" class=\"alignnone size-full wp-image-1664\" src=\"https:\/\/huaruicnclaser.com\/wp-content\/uploads\/2024\/11\/\u5fae\u4fe1\u56fe\u7247_20210915111827.jpg\" alt=\"\" width=\"800\" height=\"450\" srcset=\"https:\/\/huaruicnclaser.com\/wp-content\/uploads\/2024\/11\/\u5fae\u4fe1\u56fe\u7247_20210915111827.jpg 800w, https:\/\/huaruicnclaser.com\/wp-content\/uploads\/2024\/11\/\u5fae\u4fe1\u56fe\u7247_20210915111827-300x169.jpg 300w, https:\/\/huaruicnclaser.com\/wp-content\/uploads\/2024\/11\/\u5fae\u4fe1\u56fe\u7247_20210915111827-768x432.jpg 768w, https:\/\/huaruicnclaser.com\/wp-content\/uploads\/2024\/11\/\u5fae\u4fe1\u56fe\u7247_20210915111827-18x10.jpg 18w\" sizes=\"(max-width: 800px) 100vw, 800px\" \/><\/p>\n<ol>\n<li><b><\/b><strong><b>Un<\/b><\/strong><strong><b>enrollado y nivelado<\/b><\/strong><\/li>\n<\/ol>\n<table>\n<tbody>\n<tr>\n<td width=\"329\">Art\u00edculo<\/td>\n<td width=\"367\">1503<\/td>\n<td width=\"266\">1502<\/td>\n<\/tr>\n<tr>\n<td width=\"329\">Grosor de la bobina<\/td>\n<td width=\"367\">0,6-3 mm<\/td>\n<td width=\"266\">0,5-2 mm<\/td>\n<\/tr>\n<tr>\n<td width=\"329\">Anchura de la placa de procesamiento<\/td>\n<td colspan=\"2\" width=\"634\">600-1500 mm<\/td>\n<\/tr>\n<tr>\n<td width=\"329\">Di\u00e1metro interior y exterior<\/td>\n<td colspan=\"2\" width=\"634\">\u03a6508mm\/610mm\u2264\u03a61600mm<\/td>\n<\/tr>\n<tr>\n<td width=\"329\">Peso m\u00e1ximo de la bobina<\/td>\n<td width=\"367\">10T\/15T<\/td>\n<td width=\"266\">8T<\/td>\n<\/tr>\n<tr>\n<td width=\"329\">Planitud de la chapa<\/td>\n<td colspan=\"2\" width=\"634\">\u00b12mm\/m\u00b2<\/td>\n<\/tr>\n<tr>\n<td width=\"329\">Velocidad m\u00e1xima de alimentaci\u00f3n de hojas<\/td>\n<td colspan=\"2\" width=\"634\">0-10 m\/min<\/td>\n<\/tr>\n<tr>\n<td width=\"329\">Longitud de alimentaci\u00f3n del plato<\/td>\n<td colspan=\"2\" width=\"634\">0-3000mm\/0-4000mm\/0-6000mm<\/td>\n<\/tr>\n<\/tbody>\n<\/table>\n<ol start=\"2\">\n<li><b><\/b><strong><b>Principales par\u00e1metros t\u00e9cnicos del alimentador de nivelaci\u00f3n<\/b><\/strong><\/li>\n<\/ol>\n<table>\n<tbody>\n<tr>\n<td width=\"463\">Art\u00edculos<\/td>\n<td width=\"504\">Par\u00e1metros<\/td>\n<\/tr>\n<tr>\n<td width=\"463\">Espesor de la placa de nivelaci\u00f3n<\/td>\n<td width=\"504\">0,6-3 mm<\/td>\n<\/tr>\n<tr>\n<td width=\"463\">Anchura m\u00e1xima de la placa de nivelaci\u00f3n<\/td>\n<td width=\"504\">1500 mm<\/td>\n<\/tr>\n<tr>\n<td width=\"463\">N\u00famero de rodillos de trabajo<\/td>\n<td width=\"504\">11 rodillos<\/td>\n<\/tr>\n<tr>\n<td width=\"463\">N\u00famero de rodillos de apoyo<\/td>\n<td width=\"504\">2 filas arriba y abajo, y 26 en total<\/td>\n<\/tr>\n<tr>\n<td width=\"463\">Velocidad de nivelaci\u00f3n<\/td>\n<td width=\"504\">0-10 m\/min<\/td>\n<\/tr>\n<\/tbody>\n<\/table>\n<p>&nbsp;<\/p>\n<ol start=\"3\">\n<li><b><\/b><strong><b>Fibra L<\/b><\/strong><strong><b>aser <\/b><\/strong><strong><b>C<\/b><\/strong><strong><b>utt<\/b><\/strong><strong><b>Especificaci\u00f3n de la m\u00e1quina<\/b><\/strong><\/li>\n<\/ol>\n<table>\n<tbody>\n<tr>\n<td width=\"551\">Formato de tratamiento (longitud X anchura)<\/td>\n<td width=\"406\">3000*1500mm<\/td>\n<\/tr>\n<tr>\n<td width=\"551\">Recorrido eje X<\/td>\n<td width=\"406\">1500 mm<\/td>\n<\/tr>\n<tr>\n<td width=\"551\">Recorrido del eje Y<\/td>\n<td width=\"406\">3000 mm<\/td>\n<\/tr>\n<tr>\n<td width=\"551\">Recorrido eje Z<\/td>\n<td width=\"406\">100 mm<\/td>\n<\/tr>\n<tr>\n<td width=\"551\">Precisi\u00f3n de posicionamiento de los ejes X\/Y<\/td>\n<td width=\"406\">\u00b10,05 mm<\/td>\n<\/tr>\n<tr>\n<td width=\"551\">Precisi\u00f3n de repetici\u00f3n de posicionamiento del eje X\/Y<\/td>\n<td width=\"406\">\u00b10,02 mm<\/td>\n<\/tr>\n<tr>\n<td width=\"551\">Par\u00e1metros de potencia<\/td>\n<td width=\"406\">Trif\u00e1sico AC380V 50Hz\/60Hz<\/td>\n<\/tr>\n<\/tbody>\n<\/table>\n<p>&nbsp;<\/p>\n<p><strong>Caracter\u00edstica principal de nuestro sistema de corte de bobina con m\u00e1quina de corte l\u00e1ser de fibra. <\/strong><\/p>\n<p>1. Stepless Speed Regulation<\/p>\n<p>The coil of the hydraulic coiling mandrel is driven and rotated by a deceleration motor via a sprocket chain. The plate positioned between the uncoiling and leveling processes remains in a suspended state to facilitate stress relief.<\/p>\n<ol start=\"2\">\n<li>Corte rel\u00e1mpago en blanco brillante<\/li>\n<\/ol>\n<p>El proceso de corte por l\u00e1ser puede realizarse con una cortadora l\u00e1ser de bobina especializada, y el sistema de corte por l\u00e1ser se ha desarrollado de forma independiente. Nuestras tecnolog\u00edas l\u00e1ser de vanguardia garantizan una superficie de corte superior y soluciones de blanking personalizadas. La marca mundialmente conocida de sistemas de control de movimiento full servo ofrece tiempos de respuesta r\u00e1pidos y alta precisi\u00f3n.<\/p>\n<ol start=\"3\">\n<li>T\u00e9cnicas r\u00e1pidas para aliviar el estr\u00e9s<\/li>\n<\/ol>\n<p>The first patent for specialized laser leveling technology has been issued.<\/p>\n<p>After the coil is uncoiled, the internal stress of the sheet is released, allowing it to become flatter as it is leveled by the leveling machine.<\/p>\n<ol start=\"4\">\n<li>Tecnolog\u00eda de correcci\u00f3n de ultraprecisi\u00f3n<\/li>\n<\/ol>\n<p>Se emplea una tuerca de husillo especializada para accionar el rodillo corrector para la instalaci\u00f3n del bloque deslizante. Este mecanismo permite que la rueda del tubo corrector alinee la placa, garantizando un guiado y posicionamiento adecuados. Evita ara\u00f1azos en la placa durante el movimiento y posiciona la placa con precisi\u00f3n sin necesidad de detecci\u00f3n de bordes por l\u00e1ser, con lo que se ahorra tiempo en el proceso de corte de la placa.<\/p>\n<ol start=\"5\">\n<li>Dise\u00f1o de l\u00ednea de montaje totalmente autom\u00e1tica<\/li>\n<\/ol>\n<p>Desde la carga hasta el desenrollado, la nivelaci\u00f3n, el corte y la descarga, el dise\u00f1o totalmente automatizado de la l\u00ednea de montaje maximiza la reducci\u00f3n de residuos y mejora la eficiencia de utilizaci\u00f3n de la hoja.<\/p>\n<ol start=\"6\">\n<li>Sistemas inteligentes<\/li>\n<\/ol>\n<ul>\n<li>El programa de ajuste autom\u00e1tico del eje Z permite un control de seguimiento para eliminar los efectos de las hojas desiguales.<\/li>\n<li>Una interfaz operativa f\u00e1cil de usar con una pantalla de texto para el informe de an\u00e1lisis de errores.<\/li>\n<li>El tipo y la presi\u00f3n del gas auxiliar pueden seleccionarse autom\u00e1ticamente.<\/li>\n<li>Sistema de control de la perforaci\u00f3n<\/li>\n<li>Modulaci\u00f3n de potencia de impulsos directos de l\u00e1ser.<\/li>\n<li>Una funci\u00f3n de retorno de breakpoint.<\/li>\n<\/ul>\n<p>&nbsp;<\/p>","protected":false},"excerpt":{"rendered":"<ol>\n<li>Desenrollado de la bobina<\/li>\n<li>Nivelaci\u00f3n con alto rendimiento<\/li>\n<li>M\u00e1quina de corte por l\u00e1ser, potencia 3000W\/6000W a elegir<\/li>\n<\/ol>","protected":false},"featured_media":1552,"comment_status":"open","ping_status":"closed","template":"","meta":{"_uag_custom_page_level_css":"","_kad_post_transparent":"default","_kad_post_title":"","_kad_post_layout":"default","_kad_post_sidebar_id":"","_kad_post_content_style":"default","_kad_post_vertical_padding":"default","_kad_post_feature":"","_kad_post_feature_position":"","_kad_post_header":false,"_kad_post_footer":false,"_kad_post_classname":""},"product_brand":[],"product_cat":[38,25],"product_tag":[],"class_list":{"0":"post-1488","1":"product","2":"type-product","3":"status-publish","4":"has-post-thumbnail","6":"product_cat-automation","7":"product_cat-procucts","9":"first","10":"instock","11":"shipping-taxable","12":"product-type-simple","13":"entry","14":"content-bg","15":"loop-entry"},"aioseo_notices":[],"uagb_featured_image_src":{"full":["https:\/\/huaruicnclaser.com\/wp-content\/uploads\/2024\/11\/COIL-\u526f\u672c1.jpg",800,800,false],"thumbnail":["https:\/\/huaruicnclaser.com\/wp-content\/uploads\/2024\/11\/COIL-\u526f\u672c1-150x150.jpg",150,150,true],"medium":["https:\/\/huaruicnclaser.com\/wp-content\/uploads\/2024\/11\/COIL-\u526f\u672c1-300x300.jpg",300,300,true],"medium_large":["https:\/\/huaruicnclaser.com\/wp-content\/uploads\/2024\/11\/COIL-\u526f\u672c1-768x768.jpg",768,768,true],"large":["https:\/\/huaruicnclaser.com\/wp-content\/uploads\/2024\/11\/COIL-\u526f\u672c1.jpg",800,800,false],"1536x1536":["https:\/\/huaruicnclaser.com\/wp-content\/uploads\/2024\/11\/COIL-\u526f\u672c1.jpg",800,800,false],"2048x2048":["https:\/\/huaruicnclaser.com\/wp-content\/uploads\/2024\/11\/COIL-\u526f\u672c1.jpg",800,800,false],"trp-custom-language-flag":["https:\/\/huaruicnclaser.com\/wp-content\/uploads\/2024\/11\/COIL-\u526f\u672c1-12x12.jpg",12,12,true],"woocommerce_thumbnail":["https:\/\/huaruicnclaser.com\/wp-content\/uploads\/2024\/11\/COIL-\u526f\u672c1.jpg",800,800,false],"woocommerce_single":["https:\/\/huaruicnclaser.com\/wp-content\/uploads\/2024\/11\/COIL-\u526f\u672c1.jpg",800,800,false],"woocommerce_gallery_thumbnail":["https:\/\/huaruicnclaser.com\/wp-content\/uploads\/2024\/11\/COIL-\u526f\u672c1-100x100.jpg",100,100,true]},"uagb_author_info":{"display_name":"hcaluminum01@gmail.com","author_link":"https:\/\/huaruicnclaser.com\/es\/author\/"},"uagb_comment_info":0,"uagb_excerpt":"Coil Uncoling Leveling with high performance Laser cutting machine, power 3000W\/6000W for choice","_links":{"self":[{"href":"https:\/\/huaruicnclaser.com\/es\/wp-json\/wp\/v2\/product\/1488","targetHints":{"allow":["GET"]}}],"collection":[{"href":"https:\/\/huaruicnclaser.com\/es\/wp-json\/wp\/v2\/product"}],"about":[{"href":"https:\/\/huaruicnclaser.com\/es\/wp-json\/wp\/v2\/types\/product"}],"replies":[{"embeddable":true,"href":"https:\/\/huaruicnclaser.com\/es\/wp-json\/wp\/v2\/comments?post=1488"}],"wp:featuredmedia":[{"embeddable":true,"href":"https:\/\/huaruicnclaser.com\/es\/wp-json\/wp\/v2\/media\/1552"}],"wp:attachment":[{"href":"https:\/\/huaruicnclaser.com\/es\/wp-json\/wp\/v2\/media?parent=1488"}],"wp:term":[{"taxonomy":"product_brand","embeddable":true,"href":"https:\/\/huaruicnclaser.com\/es\/wp-json\/wp\/v2\/product_brand?post=1488"},{"taxonomy":"product_cat","embeddable":true,"href":"https:\/\/huaruicnclaser.com\/es\/wp-json\/wp\/v2\/product_cat?post=1488"},{"taxonomy":"product_tag","embeddable":true,"href":"https:\/\/huaruicnclaser.com\/es\/wp-json\/wp\/v2\/product_tag?post=1488"}],"curies":[{"name":"wp","href":"https:\/\/api.w.org\/{rel}","templated":true}]}}