{"id":1506,"date":"2024-11-03T23:57:20","date_gmt":"2024-11-03T15:57:20","guid":{"rendered":"https:\/\/huaruicnclaser.com\/?post_type=product&#038;p=1506"},"modified":"2024-11-08T14:56:01","modified_gmt":"2024-11-08T06:56:01","slug":"fiber-laser-cutting-machine-h6025c","status":"publish","type":"product","link":"https:\/\/huaruicnclaser.com\/es\/producto\/fiber-laser-cutting-machine-h6025c\/","title":{"rendered":"M\u00c1QUINA DE CORTE POR L\u00c1SER DE FIBRA DE HOJA H6025C"},"content":{"rendered":"<p style=\"text-align: center;\"><strong>M\u00c1QUINA DE CORTE POR L\u00c1SER DE FIBRA H6025C PARA LA VENTA<\/strong><\/p>\n<p><strong><b>Introducci\u00f3n de la cortadora l\u00e1ser de fibra H6025\uff1a<\/b><\/strong><\/p>\n<ol>\n<li>El \u00e1rea de trabajo est\u00e1ndar de esta m\u00e1quina de corte por l\u00e1ser de fibra modelo C es de 1500 x 3000 mm, 2000 x 4000 mm, 2000 x 6000 mm, 6000 x 2500 mm y 2500 x 8000 mm. Puede equiparse con opciones de potencia de 3 kW, 4 kW, 6 kW, 12 kW, 20 kW, 30 kW o 60 kW.<\/li>\n<li>Los modelos C est\u00e1n equipados con una cubierta completa y una mesa de intercambio, que protegen de la radiaci\u00f3n l\u00e1ser, garantizan la seguridad de los trabajadores y reducen la contaminaci\u00f3n ambiental.<\/li>\n<li>Nuestras mejores m\u00e1quinas de corte por l\u00e1ser de fibra modelo C tardan s\u00f3lo de 15 a 20 segundos en completar el intercambio. Las plataformas auto intercambiables ahorran tiempo de carga de material y mejoran la eficiencia de procesamiento.<\/li>\n<li>La cortadora l\u00e1ser de fibra modelo C utiliza estructuras de soldadura, y vigas de aluminio de grado de aviaci\u00f3n. Este dise\u00f1o nos permite producir m\u00e1quinas de corte por l\u00e1ser de fibra que son m\u00e1s fuertes, m\u00e1s estables y de movimiento m\u00e1s r\u00e1pido.<\/li>\n<li>La zona de eliminaci\u00f3n de polvo adopta un sistema autom\u00e1tico de extracci\u00f3n de humos por partici\u00f3n para garantizar una eliminaci\u00f3n eficaz del polvo en la posici\u00f3n de corte. El filtro de polvo garantiza que no haya contaminaci\u00f3n durante el funcionamiento. Esta opci\u00f3n es rentable y beneficiosa para el taller.<\/li>\n<\/ol>\n<p><img fetchpriority=\"high\" decoding=\"async\" class=\"alignnone size-full wp-image-1665\" src=\"https:\/\/huaruicnclaser.com\/wp-content\/uploads\/2024\/11\/QQ\u56fe\u7247202311251348131.jpg\" alt=\"\" width=\"800\" height=\"600\" srcset=\"https:\/\/huaruicnclaser.com\/wp-content\/uploads\/2024\/11\/QQ\u56fe\u7247202311251348131.jpg 800w, https:\/\/huaruicnclaser.com\/wp-content\/uploads\/2024\/11\/QQ\u56fe\u7247202311251348131-300x225.jpg 300w, https:\/\/huaruicnclaser.com\/wp-content\/uploads\/2024\/11\/QQ\u56fe\u7247202311251348131-768x576.jpg 768w, https:\/\/huaruicnclaser.com\/wp-content\/uploads\/2024\/11\/QQ\u56fe\u7247202311251348131-16x12.jpg 16w\" sizes=\"(max-width: 800px) 100vw, 800px\" \/><\/p>\n<p><strong><b>Par\u00e1metros t\u00e9cnicos <\/b><\/strong><strong><b>de M\u00e1quina de corte por l\u00e1ser de fibra, modelo H6025C<\/b><\/strong><\/p>\n<table>\n<tbody>\n<tr>\n<td width=\"268\">\n<p style=\"text-align: left;\"><strong><b>Art\u00edculo<\/b><\/strong><\/p>\n<\/td>\n<td style=\"text-align: left;\" colspan=\"5\" width=\"714\">\n<p style=\"text-align: center;\"><strong><b>Par\u00e1metro<\/b><\/strong><\/p>\n<\/td>\n<\/tr>\n<tr>\n<td width=\"268\">Tama\u00f1o del trabajo<\/td>\n<td width=\"142\">1500*3000mm<\/td>\n<td width=\"142\">2000*4000mm<\/td>\n<td width=\"142\">2000*6000mm<\/td>\n<td width=\"142\">2500*6000mm<\/td>\n<td width=\"142\">2500*8000mm<\/td>\n<\/tr>\n<tr>\n<td width=\"268\">\u00a0Recorrido del eje X<\/td>\n<td width=\"142\">1530 mm<\/td>\n<td width=\"142\">2030 mm<\/td>\n<td width=\"142\">2030 mm<\/td>\n<td width=\"142\">2530 mm<\/td>\n<td width=\"142\">2530 mm<\/td>\n<\/tr>\n<tr>\n<td width=\"268\">\u00a0Recorrido del eje Y<\/td>\n<td width=\"142\">3050 mm<\/td>\n<td width=\"142\">4050mm<\/td>\n<td width=\"142\">6050mm<\/td>\n<td width=\"142\">6050mm<\/td>\n<td width=\"142\">8050mm<\/td>\n<\/tr>\n<tr>\n<td width=\"268\">\u00a0Recorrido del eje Z<\/td>\n<td colspan=\"5\" width=\"714\">390 mm<\/td>\n<\/tr>\n<tr>\n<td width=\"268\">Carga m\u00e1xima (KG)<\/td>\n<td colspan=\"5\" width=\"714\">3000-4700<\/td>\n<\/tr>\n<tr>\n<td width=\"268\">Velocidad m\u00e1xima<\/td>\n<td colspan=\"5\" width=\"714\">130 m\/min<\/td>\n<\/tr>\n<tr>\n<td width=\"268\">Aceleraci\u00f3n m\u00e1xima<\/td>\n<td colspan=\"5\" width=\"714\">1.0G<\/td>\n<\/tr>\n<tr>\n<td width=\"268\">Precisi\u00f3n de posici\u00f3n<\/td>\n<td colspan=\"5\" width=\"714\">\u00b10,05 mm<\/td>\n<\/tr>\n<tr>\n<td width=\"268\">Posicionamiento repetido<\/td>\n<td colspan=\"5\" width=\"714\">\u00b10,02 mm<\/td>\n<\/tr>\n<tr>\n<td style=\"text-align: left;\" width=\"268\">Par\u00e1metros de potencia<\/td>\n<td colspan=\"5\" width=\"714\">\n<p style=\"text-align: left;\">CA trif\u00e1sica 380 V 50 Hz<\/p>\n<\/td>\n<\/tr>\n<\/tbody>\n<\/table>\n<p>&nbsp;<\/p>\n<p><strong><b>Aplicaci\u00f3n de corte<\/b><\/strong><strong><b> de la m\u00e1quina de corte por l\u00e1ser acanalada<\/b><\/strong><b><\/b><\/p>\n<ul>\n<li>Materiales met\u00e1licos en planchas:  CS, SS, AL,BR, COBRE, GAL, TITAN<\/li>\n<li><img decoding=\"async\" class=\"alignnone wp-image-1641\" src=\"https:\/\/huaruicnclaser.com\/wp-content\/uploads\/2024\/11\/\u6837\u54c1\u56fe-1.jpg\" alt=\"\" width=\"692\" height=\"528\" srcset=\"https:\/\/huaruicnclaser.com\/wp-content\/uploads\/2024\/11\/\u6837\u54c1\u56fe-1.jpg 916w, https:\/\/huaruicnclaser.com\/wp-content\/uploads\/2024\/11\/\u6837\u54c1\u56fe-1-300x229.jpg 300w, https:\/\/huaruicnclaser.com\/wp-content\/uploads\/2024\/11\/\u6837\u54c1\u56fe-1-768x586.jpg 768w, https:\/\/huaruicnclaser.com\/wp-content\/uploads\/2024\/11\/\u6837\u54c1\u56fe-1-16x12.jpg 16w, https:\/\/huaruicnclaser.com\/wp-content\/uploads\/2024\/11\/\u6837\u54c1\u56fe-1-800x610.jpg 800w\" sizes=\"(max-width: 692px) 100vw, 692px\" \/><\/li>\n<\/ul>","protected":false},"excerpt":{"rendered":"<p>M\u00c1QUINA DE CORTE L\u00c1SER DE FIBRA H6025C EN VENTA Introducci\u00f3n de la cortadora l\u00e1ser de fibra H6025\uff1a El \u00e1rea de trabajo est\u00e1ndar para esta m\u00e1quina de corte l\u00e1ser de fibra modelo C es de 1500 x 3000 mm, 2000 x 4000 mm, 2000 x 6000 mm, 6000 x 2500 mm, y 2500 x 8000 mm. Se puede equipar con opciones de potencia de...<\/p>","protected":false},"featured_media":1644,"comment_status":"open","ping_status":"closed","template":"","meta":{"_uag_custom_page_level_css":"","_kad_post_transparent":"default","_kad_post_title":"","_kad_post_layout":"default","_kad_post_sidebar_id":"","_kad_post_content_style":"default","_kad_post_vertical_padding":"default","_kad_post_feature":"","_kad_post_feature_position":"","_kad_post_header":false,"_kad_post_footer":false,"_kad_post_classname":""},"product_brand":[],"product_cat":[35,25],"product_tag":[],"class_list":{"0":"post-1506","1":"product","2":"type-product","3":"status-publish","4":"has-post-thumbnail","6":"product_cat-fiber-laser-cutting-machine","7":"product_cat-procucts","9":"first","10":"instock","11":"shipping-taxable","12":"product-type-simple","13":"entry","14":"content-bg","15":"loop-entry"},"aioseo_notices":[],"uagb_featured_image_src":{"full":["https:\/\/huaruicnclaser.com\/wp-content\/uploads\/2024\/11\/C1.png",800,600,false],"thumbnail":["https:\/\/huaruicnclaser.com\/wp-content\/uploads\/2024\/11\/C1-150x150.png",150,150,true],"medium":["https:\/\/huaruicnclaser.com\/wp-content\/uploads\/2024\/11\/C1-300x225.png",300,225,true],"medium_large":["https:\/\/huaruicnclaser.com\/wp-content\/uploads\/2024\/11\/C1-768x576.png",768,576,true],"large":["https:\/\/huaruicnclaser.com\/wp-content\/uploads\/2024\/11\/C1.png",800,600,false],"1536x1536":["https:\/\/huaruicnclaser.com\/wp-content\/uploads\/2024\/11\/C1.png",800,600,false],"2048x2048":["https:\/\/huaruicnclaser.com\/wp-content\/uploads\/2024\/11\/C1.png",800,600,false],"trp-custom-language-flag":["https:\/\/huaruicnclaser.com\/wp-content\/uploads\/2024\/11\/C1-16x12.png",16,12,true],"woocommerce_thumbnail":["https:\/\/huaruicnclaser.com\/wp-content\/uploads\/2024\/11\/C1.png",800,600,false],"woocommerce_single":["https:\/\/huaruicnclaser.com\/wp-content\/uploads\/2024\/11\/C1.png",800,600,false],"woocommerce_gallery_thumbnail":["https:\/\/huaruicnclaser.com\/wp-content\/uploads\/2024\/11\/C1-100x100.png",100,100,true]},"uagb_author_info":{"display_name":"hcaluminum01@gmail.com","author_link":"https:\/\/huaruicnclaser.com\/es\/author\/"},"uagb_comment_info":0,"uagb_excerpt":"FIBER LASER CUTTING MACHINE H6025C FOR SALE Introduction of H6025 fiber laser cutter\uff1a The standard working area for this C model fiber laser cutting machine is 1500 x 3000 mm, 2000 x 4000 mm, 2000 x 6000 mm, 6000 x 2500 mm, and 2500 x 8000 mm. It can be equipped with power options of...","_links":{"self":[{"href":"https:\/\/huaruicnclaser.com\/es\/wp-json\/wp\/v2\/product\/1506","targetHints":{"allow":["GET"]}}],"collection":[{"href":"https:\/\/huaruicnclaser.com\/es\/wp-json\/wp\/v2\/product"}],"about":[{"href":"https:\/\/huaruicnclaser.com\/es\/wp-json\/wp\/v2\/types\/product"}],"replies":[{"embeddable":true,"href":"https:\/\/huaruicnclaser.com\/es\/wp-json\/wp\/v2\/comments?post=1506"}],"wp:featuredmedia":[{"embeddable":true,"href":"https:\/\/huaruicnclaser.com\/es\/wp-json\/wp\/v2\/media\/1644"}],"wp:attachment":[{"href":"https:\/\/huaruicnclaser.com\/es\/wp-json\/wp\/v2\/media?parent=1506"}],"wp:term":[{"taxonomy":"product_brand","embeddable":true,"href":"https:\/\/huaruicnclaser.com\/es\/wp-json\/wp\/v2\/product_brand?post=1506"},{"taxonomy":"product_cat","embeddable":true,"href":"https:\/\/huaruicnclaser.com\/es\/wp-json\/wp\/v2\/product_cat?post=1506"},{"taxonomy":"product_tag","embeddable":true,"href":"https:\/\/huaruicnclaser.com\/es\/wp-json\/wp\/v2\/product_tag?post=1506"}],"curies":[{"name":"wp","href":"https:\/\/api.w.org\/{rel}","templated":true}]}}