{"id":1676,"date":"2024-11-08T16:07:04","date_gmt":"2024-11-08T08:07:04","guid":{"rendered":"https:\/\/huaruicnclaser.com\/?post_type=product&#038;p=1676"},"modified":"2024-11-08T16:07:48","modified_gmt":"2024-11-08T08:07:48","slug":"loading-and-unloading-system-for-metal-sheets","status":"publish","type":"product","link":"https:\/\/huaruicnclaser.com\/es\/producto\/loading-and-unloading-system-for-metal-sheets\/","title":{"rendered":"SISTEMA DE CARGA Y DESCARGA DE CHAPAS"},"content":{"rendered":"<p style=\"text-align: center;\">\u00a0<strong> SISTEMA DE CARGA Y DESCARGA CHAPAS EN VENTA<\/strong><\/p>\n<p><img fetchpriority=\"high\" decoding=\"async\" class=\"alignnone size-full wp-image-1699\" src=\"https:\/\/huaruicnclaser.com\/wp-content\/uploads\/2024\/11\/\u56fe\u7247-1.png\" alt=\"\" width=\"800\" height=\"600\" srcset=\"https:\/\/huaruicnclaser.com\/wp-content\/uploads\/2024\/11\/\u56fe\u7247-1.png 800w, https:\/\/huaruicnclaser.com\/wp-content\/uploads\/2024\/11\/\u56fe\u7247-1-300x225.png 300w, https:\/\/huaruicnclaser.com\/wp-content\/uploads\/2024\/11\/\u56fe\u7247-1-768x576.png 768w, https:\/\/huaruicnclaser.com\/wp-content\/uploads\/2024\/11\/\u56fe\u7247-1-16x12.png 16w\" sizes=\"(max-width: 800px) 100vw, 800px\" \/><\/p>\n<p><strong>Ventajas:<\/strong><\/p>\n<ul>\n<li>Almacenamiento tridimensional;<\/li>\n<li>Salida autom\u00e1tica;<\/li>\n<li>Recuperaci\u00f3n autom\u00e1tica de material;<\/li>\n<li>Separaci\u00f3n autom\u00e1tica de hojas;<\/li>\n<li>Carga autom\u00e1tica;<\/li>\n<li>Descarga autom\u00e1tica;<\/li>\n<\/ul>\n<p><strong>Especificaci\u00f3n:<\/strong><\/p>\n<table>\n<tbody>\n<tr>\n<td width=\"451\">Tama\u00f1o de hojas admitido<\/td>\n<td width=\"451\">3015\/4015\/4020\/6015\/6020\/6025mm<\/td>\n<\/tr>\n<tr>\n<td width=\"451\">N\u00famero de plantas<\/td>\n<td width=\"451\">8-13<\/td>\n<\/tr>\n<tr>\n<td width=\"451\">Carga por capa<\/td>\n<td width=\"451\">3T\/5T<\/td>\n<\/tr>\n<tr>\n<td width=\"451\">Carga m\u00e1xima<\/td>\n<td width=\"451\">300KG-3000KG<\/td>\n<\/tr>\n<tr>\n<td width=\"451\">Consumo de aire<\/td>\n<td width=\"451\">1,5 m\u00b3\/min<\/td>\n<\/tr>\n<tr>\n<td width=\"451\">Fuente de aire<\/td>\n<td width=\"451\">0,6-0,7Mpa<\/td>\n<\/tr>\n<\/tbody>\n<\/table>\n<p><strong>PREGUNTAS FRECUENTES:<\/strong><\/p>\n<ol>\n<li>Hay sistemas de carga y descarga, sistemas de carga y descarga con sistema de almacenamiento, sistemas de almacenamiento de doble torre y sistemas de almacenamiento solamente;<\/li>\n<li>\u00bfPueden hacer OEM para nosotros?  S\u00ed, podemos ofrecerle sistemas de carga y descarga OEM;<\/li>\n<li><\/li>\n<\/ol>\n<p><img decoding=\"async\" class=\"alignnone size-full wp-image-1691\" src=\"https:\/\/huaruicnclaser.com\/wp-content\/uploads\/2024\/11\/\u56fe\u724711.png\" alt=\"\" width=\"800\" height=\"600\" srcset=\"https:\/\/huaruicnclaser.com\/wp-content\/uploads\/2024\/11\/\u56fe\u724711.png 800w, https:\/\/huaruicnclaser.com\/wp-content\/uploads\/2024\/11\/\u56fe\u724711-300x225.png 300w, https:\/\/huaruicnclaser.com\/wp-content\/uploads\/2024\/11\/\u56fe\u724711-768x576.png 768w, https:\/\/huaruicnclaser.com\/wp-content\/uploads\/2024\/11\/\u56fe\u724711-16x12.png 16w\" sizes=\"(max-width: 800px) 100vw, 800px\" \/><img decoding=\"async\" class=\"alignnone size-full wp-image-1693\" src=\"https:\/\/huaruicnclaser.com\/wp-content\/uploads\/2024\/11\/\u56fe\u72471.png\" alt=\"\" width=\"800\" height=\"600\" srcset=\"https:\/\/huaruicnclaser.com\/wp-content\/uploads\/2024\/11\/\u56fe\u72471.png 800w, https:\/\/huaruicnclaser.com\/wp-content\/uploads\/2024\/11\/\u56fe\u72471-300x225.png 300w, https:\/\/huaruicnclaser.com\/wp-content\/uploads\/2024\/11\/\u56fe\u72471-768x576.png 768w, https:\/\/huaruicnclaser.com\/wp-content\/uploads\/2024\/11\/\u56fe\u72471-16x12.png 16w\" sizes=\"(max-width: 800px) 100vw, 800px\" \/><\/p>\n<p><img loading=\"lazy\" decoding=\"async\" class=\"alignnone size-full wp-image-1697\" src=\"https:\/\/huaruicnclaser.com\/wp-content\/uploads\/2024\/11\/\u56fe\u72475.png\" alt=\"\" width=\"800\" height=\"600\" srcset=\"https:\/\/huaruicnclaser.com\/wp-content\/uploads\/2024\/11\/\u56fe\u72475.png 800w, https:\/\/huaruicnclaser.com\/wp-content\/uploads\/2024\/11\/\u56fe\u72475-300x225.png 300w, https:\/\/huaruicnclaser.com\/wp-content\/uploads\/2024\/11\/\u56fe\u72475-768x576.png 768w, https:\/\/huaruicnclaser.com\/wp-content\/uploads\/2024\/11\/\u56fe\u72475-16x12.png 16w\" sizes=\"(max-width: 800px) 100vw, 800px\" \/><\/p>","protected":false},"excerpt":{"rendered":"<p>\u00a0 SISTEMA DE CARGA Y DESCARGA DE L\u00c1MINAS MET\u00c1LICAS EN VENTA Ventajas: Almacenamiento tridimensional; Salida autom\u00e1tica; Recuperaci\u00f3n autom\u00e1tica de material; Separaci\u00f3n autom\u00e1tica de chapas; Carga autom\u00e1tica; Descarga autom\u00e1tica; Especificaciones: Tama\u00f1o de las chapas soportadas 3015\/4015\/4020\/6015\/6020\/6025mm N\u00famero de pisos 8-13 Carga por capa 3T\/5T Carga m\u00e1xima 300KG-3000KG Consumo de aire 1.5m\u00b3\/min Fuente de aire 0.6-0.7Mpa FAQ: \u00bfCu\u00e1ntos tipos puede proporcionar? hay sistema de carga y descarga, carga...<\/p>","protected":false},"featured_media":1699,"comment_status":"open","ping_status":"closed","template":"","meta":{"_uag_custom_page_level_css":"","_kad_post_transparent":"default","_kad_post_title":"","_kad_post_layout":"default","_kad_post_sidebar_id":"","_kad_post_content_style":"default","_kad_post_vertical_padding":"default","_kad_post_feature":"","_kad_post_feature_position":"","_kad_post_header":false,"_kad_post_footer":false,"_kad_post_classname":""},"product_brand":[],"product_cat":[38,25],"product_tag":[],"class_list":{"0":"post-1676","1":"product","2":"type-product","3":"status-publish","4":"has-post-thumbnail","6":"product_cat-automation","7":"product_cat-procucts","9":"first","10":"instock","11":"shipping-taxable","12":"product-type-simple","13":"entry","14":"content-bg","15":"loop-entry"},"aioseo_notices":[],"uagb_featured_image_src":{"full":["https:\/\/huaruicnclaser.com\/wp-content\/uploads\/2024\/11\/\u56fe\u7247-1.png",800,600,false],"thumbnail":["https:\/\/huaruicnclaser.com\/wp-content\/uploads\/2024\/11\/\u56fe\u7247-1-150x150.png",150,150,true],"medium":["https:\/\/huaruicnclaser.com\/wp-content\/uploads\/2024\/11\/\u56fe\u7247-1-300x225.png",300,225,true],"medium_large":["https:\/\/huaruicnclaser.com\/wp-content\/uploads\/2024\/11\/\u56fe\u7247-1-768x576.png",768,576,true],"large":["https:\/\/huaruicnclaser.com\/wp-content\/uploads\/2024\/11\/\u56fe\u7247-1.png",800,600,false],"1536x1536":["https:\/\/huaruicnclaser.com\/wp-content\/uploads\/2024\/11\/\u56fe\u7247-1.png",800,600,false],"2048x2048":["https:\/\/huaruicnclaser.com\/wp-content\/uploads\/2024\/11\/\u56fe\u7247-1.png",800,600,false],"trp-custom-language-flag":["https:\/\/huaruicnclaser.com\/wp-content\/uploads\/2024\/11\/\u56fe\u7247-1-16x12.png",16,12,true],"woocommerce_thumbnail":["https:\/\/huaruicnclaser.com\/wp-content\/uploads\/2024\/11\/\u56fe\u7247-1.png",800,600,false],"woocommerce_single":["https:\/\/huaruicnclaser.com\/wp-content\/uploads\/2024\/11\/\u56fe\u7247-1.png",800,600,false],"woocommerce_gallery_thumbnail":["https:\/\/huaruicnclaser.com\/wp-content\/uploads\/2024\/11\/\u56fe\u7247-1-100x100.png",100,100,true]},"uagb_author_info":{"display_name":"hcaluminum01@gmail.com","author_link":"https:\/\/huaruicnclaser.com\/es\/author\/"},"uagb_comment_info":0,"uagb_excerpt":"\u00a0 LOADING AND UNLOADING SYSTEM METAL SHEETS FOR SALE Advantages: Three-dimensional storage; Automatic outbound; Automatic material retrieval; Automatic sheet separation; Automatic loading; Automatic unloading; Specification: Supported sheets size 3015\/4015\/4020\/6015\/6020\/6025mm Number of floors 8-13 Load\u00a0per\u00a0layer 3T\/5T Maximum\u00a0load 300KG-3000KG Air\u00a0consumption 1.5m\u00b3\/min Air\u00a0source 0.6-0.7Mpa FAQ: How many types you can provide? there are loading &amp; unloading system, loading...","_links":{"self":[{"href":"https:\/\/huaruicnclaser.com\/es\/wp-json\/wp\/v2\/product\/1676","targetHints":{"allow":["GET"]}}],"collection":[{"href":"https:\/\/huaruicnclaser.com\/es\/wp-json\/wp\/v2\/product"}],"about":[{"href":"https:\/\/huaruicnclaser.com\/es\/wp-json\/wp\/v2\/types\/product"}],"replies":[{"embeddable":true,"href":"https:\/\/huaruicnclaser.com\/es\/wp-json\/wp\/v2\/comments?post=1676"}],"wp:featuredmedia":[{"embeddable":true,"href":"https:\/\/huaruicnclaser.com\/es\/wp-json\/wp\/v2\/media\/1699"}],"wp:attachment":[{"href":"https:\/\/huaruicnclaser.com\/es\/wp-json\/wp\/v2\/media?parent=1676"}],"wp:term":[{"taxonomy":"product_brand","embeddable":true,"href":"https:\/\/huaruicnclaser.com\/es\/wp-json\/wp\/v2\/product_brand?post=1676"},{"taxonomy":"product_cat","embeddable":true,"href":"https:\/\/huaruicnclaser.com\/es\/wp-json\/wp\/v2\/product_cat?post=1676"},{"taxonomy":"product_tag","embeddable":true,"href":"https:\/\/huaruicnclaser.com\/es\/wp-json\/wp\/v2\/product_tag?post=1676"}],"curies":[{"name":"wp","href":"https:\/\/api.w.org\/{rel}","templated":true}]}}