{"id":578,"date":"2024-10-21T19:36:27","date_gmt":"2024-10-21T11:36:27","guid":{"rendered":"https:\/\/huaruicnclaser.com\/?post_type=product&#038;p=578"},"modified":"2024-11-08T10:33:09","modified_gmt":"2024-11-08T02:33:09","slug":"co2-laser","status":"publish","type":"product","link":"https:\/\/huaruicnclaser.com\/es\/producto\/co2-laser\/","title":{"rendered":"M\u00c1QUINA DE CORTE L\u00c1SER CO2 H1390"},"content":{"rendered":"<p><strong>H<\/strong><strong>1390<\/strong><strong>\u00a0<\/strong><strong>l\u00e1ser <\/strong><strong>grabado y corte <\/strong><strong>m\u00e1quina<\/strong><\/p>\n<p>Esta m\u00e1quina est\u00e1 perfectamente dise\u00f1ada por Jinan Huarui Technology Co.,ltd para el procesamiento de materiales no met\u00e1licos, como acr\u00edlico, madera contrachapada, papel, cuero, madera, m\u00e1rmol, etc.  Cuando se elige el tama\u00f1o, hay 900*600mm, 1300*900mm, 1600*1000mm, 1300*2500mm, etc.<\/p>\n<p><strong>P<\/strong><strong>ar\u00e1metros<\/strong><strong>:\u00a0 <\/strong><\/p>\n<table>\n<tbody>\n<tr>\n<td width=\"206\">Modelo:<\/td>\n<td width=\"116\">L\u00e1ser co2 H960<\/td>\n<td width=\"112\">L\u00e1ser co2 H1390<\/td>\n<td width=\"112\">L\u00e1ser co2 H1610<\/td>\n<\/tr>\n<tr>\n<td width=\"206\">\u00c1rea de procesamiento<\/td>\n<td width=\"116\">900*600mm<\/td>\n<td width=\"112\">1300*900mm<\/td>\n<td width=\"112\">1600*1000mm<\/td>\n<\/tr>\n<tr>\n<td width=\"206\">Potencia del l\u00e1ser<\/td>\n<td colspan=\"3\" width=\"340\">80W\/100W\/130W\/150W<\/td>\n<\/tr>\n<tr>\n<td width=\"206\">Tipo de l\u00e1ser:<\/td>\n<td colspan=\"3\" width=\"340\">Tubo l\u00e1ser de vidrio Co2 sellado<\/td>\n<\/tr>\n<tr>\n<td width=\"206\">Vida \u00fatil del tubo l\u00e1ser<\/td>\n<td colspan=\"3\" width=\"340\">M\u00e1s de 8000 horas<\/td>\n<\/tr>\n<tr>\n<td width=\"206\">Modelo de m\u00e1quina enfriadora de agua<\/td>\n<td colspan=\"3\" width=\"340\">Enfriadora de agua CW5000\/CW5200<\/td>\n<\/tr>\n<tr>\n<td width=\"206\">Amor por la luz roja<\/td>\n<td colspan=\"3\" width=\"340\">Sistema de posici\u00f3n de punto rojo<\/td>\n<\/tr>\n<tr>\n<td width=\"206\">Tipo de mesa de trabajo<\/td>\n<td colspan=\"3\" width=\"340\">Mesa nido de abeja o mesa Blade<\/td>\n<\/tr>\n<tr>\n<td width=\"206\">Restablecimiento de la precisi\u00f3n de posicionamiento:<\/td>\n<td colspan=\"3\" width=\"340\">\u00b10,01 mm<\/td>\n<\/tr>\n<tr>\n<td width=\"206\">Sistema de posici\u00f3n:<\/td>\n<td colspan=\"3\" width=\"340\">Punto rojo<\/td>\n<\/tr>\n<tr>\n<td width=\"206\">Interfaz:<\/td>\n<td colspan=\"3\" width=\"340\">USB<\/td>\n<\/tr>\n<tr>\n<td width=\"206\">Grabado m\u00ednimo Letra inglesa<\/td>\n<td colspan=\"3\" width=\"340\">1,0 mm<\/td>\n<\/tr>\n<tr>\n<td width=\"206\">Formato gr\u00e1fico compatible<\/td>\n<td colspan=\"3\" width=\"340\">DST, PLT, BMP, DXF<\/td>\n<\/tr>\n<tr>\n<td width=\"206\">Tensi\u00f3n de trabajo:<\/td>\n<td colspan=\"3\" width=\"340\">CA 110 - 220V\u00b110%, 50 - 60Hz<\/td>\n<\/tr>\n<\/tbody>\n<\/table>\n<p><strong><b>Marcas famosas<\/b><\/strong><\/p>\n<p>Seleccionamos estrictamente el proveedor de tubos l\u00e1ser para garantizar un rendimiento estable y una larga vida \u00fatil del tubo l\u00e1ser, disponemos de tubos l\u00e1ser RECI\/YONGLI\/EFR.<\/p>\n<p><strong>FAQ de la m\u00e1quina de corte y grabado l\u00e1ser CO2:<\/strong> Las m\u00e1quinas de corte por l\u00e1ser de CO2 para materiales no met\u00e1licos suelen utilizar energ\u00eda l\u00e1ser para activar el tubo l\u00e1ser, que emite luz que se transmite al cabezal l\u00e1ser a trav\u00e9s de la refracci\u00f3n de varios espejos. Una lente de enfoque montada en el cabezal del l\u00e1ser hace converger la luz en un punto preciso, generando temperaturas extremadamente altas que subliman instant\u00e1neamente el material en gas. A continuaci\u00f3n, este gas es eliminado por un extractor, con lo que se consigue el proceso de corte. El gas primario utilizado en el tubo l\u00e1ser de estas m\u00e1quinas de corte es di\u00f3xido de carbono (CO2), raz\u00f3n por la cual el tubo se denomina tubo l\u00e1ser de CO2, y la m\u00e1quina de corte que emplea este tubo se conoce como m\u00e1quina de corte por l\u00e1ser de CO2.<\/p>\n<p><strong>Aplicaci\u00f3n de la cortadora l\u00e1ser de CO2 H1390: <\/strong>La m\u00e1quina de corte l\u00e1ser CO2 H1390 es capaz de cortar una amplia gama de materiales, incluyendo madera, MDF, madera contrachapada, aglomerado, dieboard, cart\u00f3n, acr\u00edlico, tela, denim, pl\u00e1stico, cuero, papel y ABS.<\/p>\n<p><strong>Partes principales de nuestra grabadora l\u00e1ser de CO2:<\/strong><\/p>\n<p><img fetchpriority=\"high\" decoding=\"async\" class=\"alignnone size-full wp-image-1640\" src=\"https:\/\/huaruicnclaser.com\/wp-content\/uploads\/2024\/10\/WPS\u62fc\u56fe011.png\" alt=\"\" width=\"800\" height=\"800\" srcset=\"https:\/\/huaruicnclaser.com\/wp-content\/uploads\/2024\/10\/WPS\u62fc\u56fe011.png 800w, https:\/\/huaruicnclaser.com\/wp-content\/uploads\/2024\/10\/WPS\u62fc\u56fe011-300x300.png 300w, https:\/\/huaruicnclaser.com\/wp-content\/uploads\/2024\/10\/WPS\u62fc\u56fe011-150x150.png 150w, https:\/\/huaruicnclaser.com\/wp-content\/uploads\/2024\/10\/WPS\u62fc\u56fe011-768x768.png 768w, https:\/\/huaruicnclaser.com\/wp-content\/uploads\/2024\/10\/WPS\u62fc\u56fe011-12x12.png 12w, https:\/\/huaruicnclaser.com\/wp-content\/uploads\/2024\/10\/WPS\u62fc\u56fe011-100x100.png 100w\" sizes=\"(max-width: 800px) 100vw, 800px\" \/><\/p>","protected":false},"excerpt":{"rendered":"<p>M\u00e1quina de grabado y corte l\u00e1ser H1390 Esta m\u00e1quina est\u00e1 perfectamente dise\u00f1ada por Jinan Huarui Technology Co.,ltd para procesar materiales no met\u00e1licos, como acr\u00edlico, madera contrachapada, papel, cuero, madera, m\u00e1rmol, etc.  Cuando se elige el tama\u00f1o, hay 900*600mm, 1300*900mm, 1600*1000mm, 1300*2500mm, etc. Par\u00e1metros:  Modelo: L\u00e1ser co2 H960 L\u00e1ser co2 H1390 L\u00e1ser co2 H1610 \u00c1rea de procesamiento 900*600mm 1300*900mm 1600*1000mm...<\/p>","protected":false},"featured_media":1639,"comment_status":"open","ping_status":"closed","template":"","meta":{"_uag_custom_page_level_css":"","_kad_post_transparent":"default","_kad_post_title":"","_kad_post_layout":"default","_kad_post_sidebar_id":"","_kad_post_content_style":"default","_kad_post_vertical_padding":"default","_kad_post_feature":"","_kad_post_feature_position":"","_kad_post_header":false,"_kad_post_footer":false,"_kad_post_classname":""},"product_brand":[],"product_cat":[37,25],"product_tag":[],"class_list":{"0":"post-578","1":"product","2":"type-product","3":"status-publish","4":"has-post-thumbnail","6":"product_cat-co2-laser-machine","7":"product_cat-procucts","9":"first","10":"instock","11":"shipping-taxable","12":"product-type-simple","13":"entry","14":"content-bg","15":"loop-entry"},"aioseo_notices":[],"uagb_featured_image_src":{"full":["https:\/\/huaruicnclaser.com\/wp-content\/uploads\/2024\/10\/3-31.png",800,500,false],"thumbnail":["https:\/\/huaruicnclaser.com\/wp-content\/uploads\/2024\/10\/3-31-150x150.png",150,150,true],"medium":["https:\/\/huaruicnclaser.com\/wp-content\/uploads\/2024\/10\/3-31-300x188.png",300,188,true],"medium_large":["https:\/\/huaruicnclaser.com\/wp-content\/uploads\/2024\/10\/3-31-768x480.png",768,480,true],"large":["https:\/\/huaruicnclaser.com\/wp-content\/uploads\/2024\/10\/3-31.png",800,500,false],"1536x1536":["https:\/\/huaruicnclaser.com\/wp-content\/uploads\/2024\/10\/3-31.png",800,500,false],"2048x2048":["https:\/\/huaruicnclaser.com\/wp-content\/uploads\/2024\/10\/3-31.png",800,500,false],"trp-custom-language-flag":["https:\/\/huaruicnclaser.com\/wp-content\/uploads\/2024\/10\/3-31-18x12.png",18,12,true],"woocommerce_thumbnail":["https:\/\/huaruicnclaser.com\/wp-content\/uploads\/2024\/10\/3-31.png",800,500,false],"woocommerce_single":["https:\/\/huaruicnclaser.com\/wp-content\/uploads\/2024\/10\/3-31.png",800,500,false],"woocommerce_gallery_thumbnail":["https:\/\/huaruicnclaser.com\/wp-content\/uploads\/2024\/10\/3-31-100x100.png",100,100,true]},"uagb_author_info":{"display_name":"hcaluminum01@gmail.com","author_link":"https:\/\/huaruicnclaser.com\/es\/author\/"},"uagb_comment_info":0,"uagb_excerpt":"H1390\u00a0laser engraving and cutting machine This machine is perfect designed by Jinan Huarui Technology Co.,ltd for processing nonmetal materials, such as acrylic, plywood, paper, leather, wood, marble, etc.\u00a0 When choose the size, there are 900*600mm, 1300*900mm, 1600*1000mm, 1300*2500mm, etc Parameters:\u00a0 Model: H960 co2 laser H1390 co2 laser H1610 co2 laser Processing area 900*600mm 1300*900mm 1600*1000mm...","_links":{"self":[{"href":"https:\/\/huaruicnclaser.com\/es\/wp-json\/wp\/v2\/product\/578","targetHints":{"allow":["GET"]}}],"collection":[{"href":"https:\/\/huaruicnclaser.com\/es\/wp-json\/wp\/v2\/product"}],"about":[{"href":"https:\/\/huaruicnclaser.com\/es\/wp-json\/wp\/v2\/types\/product"}],"replies":[{"embeddable":true,"href":"https:\/\/huaruicnclaser.com\/es\/wp-json\/wp\/v2\/comments?post=578"}],"wp:featuredmedia":[{"embeddable":true,"href":"https:\/\/huaruicnclaser.com\/es\/wp-json\/wp\/v2\/media\/1639"}],"wp:attachment":[{"href":"https:\/\/huaruicnclaser.com\/es\/wp-json\/wp\/v2\/media?parent=578"}],"wp:term":[{"taxonomy":"product_brand","embeddable":true,"href":"https:\/\/huaruicnclaser.com\/es\/wp-json\/wp\/v2\/product_brand?post=578"},{"taxonomy":"product_cat","embeddable":true,"href":"https:\/\/huaruicnclaser.com\/es\/wp-json\/wp\/v2\/product_cat?post=578"},{"taxonomy":"product_tag","embeddable":true,"href":"https:\/\/huaruicnclaser.com\/es\/wp-json\/wp\/v2\/product_tag?post=578"}],"curies":[{"name":"wp","href":"https:\/\/api.w.org\/{rel}","templated":true}]}}