{"id":899,"date":"2024-10-24T15:15:34","date_gmt":"2024-10-24T07:15:34","guid":{"rendered":"https:\/\/huaruicnclaser.com\/?post_type=product&#038;p=899"},"modified":"2024-11-13T16:32:29","modified_gmt":"2024-11-13T08:32:29","slug":"robot-fiber-laser-cutting-machine","status":"publish","type":"product","link":"https:\/\/huaruicnclaser.com\/es\/producto\/robot-fiber-laser-cutting-machine\/","title":{"rendered":"ROBOT 3D M\u00c1QUINA DE CORTE L\u00c1SER DE FIBRA"},"content":{"rendered":"<p style=\"text-align: center;\">M\u00e1quina rob\u00f3tica de corte por l\u00e1ser de fibra 3D para cortar formas\u00a0<img fetchpriority=\"high\" decoding=\"async\" class=\"alignnone wp-image-1854\" src=\"https:\/\/huaruicnclaser.com\/wp-content\/uploads\/2024\/10\/\u5fae\u4fe1\u56fe\u7247_202207221108081.png\" alt=\"\" width=\"566\" height=\"248\" srcset=\"https:\/\/huaruicnclaser.com\/wp-content\/uploads\/2024\/10\/\u5fae\u4fe1\u56fe\u7247_202207221108081.png 1200w, https:\/\/huaruicnclaser.com\/wp-content\/uploads\/2024\/10\/\u5fae\u4fe1\u56fe\u7247_202207221108081-300x132.png 300w, https:\/\/huaruicnclaser.com\/wp-content\/uploads\/2024\/10\/\u5fae\u4fe1\u56fe\u7247_202207221108081-1024x449.png 1024w, https:\/\/huaruicnclaser.com\/wp-content\/uploads\/2024\/10\/\u5fae\u4fe1\u56fe\u7247_202207221108081-768x337.png 768w, https:\/\/huaruicnclaser.com\/wp-content\/uploads\/2024\/10\/\u5fae\u4fe1\u56fe\u7247_202207221108081-18x8.png 18w, https:\/\/huaruicnclaser.com\/wp-content\/uploads\/2024\/10\/\u5fae\u4fe1\u56fe\u7247_202207221108081-800x351.png 800w\" sizes=\"(max-width: 566px) 100vw, 566px\" \/><\/p>\n<p>JINAN HUARUI TECHNOLOGY CO.,LTD lleva al m\u00e1ximo la capacidad de corte por l\u00e1ser con la m\u00e1quina compacta de corte por l\u00e1ser de fibra 3D. La cortadora l\u00e1ser rob\u00f3tica inteligente 3D consta de un cabezal de corte l\u00e1ser de fibra, un sistema de seguimiento capacitivo de alta precisi\u00f3n, una fuente l\u00e1ser de fibra y un sistema rob\u00f3tico industrial, que puede cortar de forma flexible placas met\u00e1licas de distintos grosores desde diferentes \u00e1ngulos y direcciones.<\/p>\n<table>\n<tbody>\n<tr>\n<td width=\"327\">EJE X<\/td>\n<td width=\"336\">4000MM<\/td>\n<\/tr>\n<tr>\n<td width=\"327\">EJE Y<\/td>\n<td width=\"336\">2000MM<\/td>\n<\/tr>\n<tr>\n<td width=\"327\">EJE<\/td>\n<td width=\"336\">5AXIS\/ 8 EJES<\/td>\n<\/tr>\n<tr>\n<td width=\"327\">VELOCIDAD M\u00c1XIMA DE DESPLAZAMIENTO DE LOS EJES X \/ Y<\/td>\n<td width=\"336\">60M\/MIN<\/td>\n<\/tr>\n<tr>\n<td width=\"327\">ACELERACI\u00d3N M\u00c1XIMA<\/td>\n<td width=\"336\">0.6G<\/td>\n<\/tr>\n<tr>\n<td width=\"327\">SUPERFICIE M\u00c1XIMA DE TRABAJO<\/td>\n<td width=\"336\">4,5M X4,5M<\/td>\n<\/tr>\n<tr>\n<td width=\"327\">PRECISI\u00d3N DE POSICI\u00d3N<\/td>\n<td width=\"336\">\u00b10,03 MM<\/td>\n<\/tr>\n<tr>\n<td width=\"327\">TIPO DE MESAS DE TRABAJO<\/td>\n<td width=\"336\">FIJADO\/ROTADO\/MOVIDO<\/td>\n<\/tr>\n<tr>\n<td width=\"327\">OPCI\u00d3N POTENCIA<\/td>\n<td width=\"336\">1000W-6000W<\/td>\n<\/tr>\n<\/tbody>\n<\/table>\n<p>&nbsp;<\/p>\n<p>3D 8-axis robot fiber laser cutting machine, widely used in kitchen appliances, sheet metal chassis, cabinets, mechanical equipment, electrical equipment, lighting hardware, advertising signs, auto accessories, display equipment; various metal products, metal sheet cutting, etc.<\/p>\n<p>According to customer needs, we can customize equipment of different sizes. The current maximum processing range is 4.5mx12m; we can configure workbenches for different purposes, such as rotary positioners, translational racks, orbital transmission tables and fixed workbenches.<\/p>\n<div style=\"width: 1290px;\" class=\"wp-video\"><video class=\"wp-video-shortcode\" id=\"video-899-1\" width=\"1290\" height=\"726\" preload=\"metadata\" controls=\"controls\"><source type=\"video\/mp4\" src=\"https:\/\/huaruicnclaser.com\/wp-content\/uploads\/2024\/10\/11\u670812\u65e51.mp4?_=1\" \/><a href=\"https:\/\/huaruicnclaser.com\/wp-content\/uploads\/2024\/10\/11\u670812\u65e51.mp4\">https:\/\/huaruicnclaser.com\/wp-content\/uploads\/2024\/10\/11\u670812\u65e51.mp4<\/a><\/video><\/div>\n<p>&nbsp;<\/p>\n<p>&nbsp;<\/p>","protected":false},"excerpt":{"rendered":"<ul>\n<li>Personalice equipos de diferentes tama\u00f1os;<\/li>\n<li>El alcance m\u00e1ximo de procesamiento actual es de 4,5 m x 12 m;<\/li>\n<li>podemos configurar bancos de trabajo para diferentes fines, como posicionadores giratorios, bastidores de traslaci\u00f3n, mesas de transmisi\u00f3n orbital y bancos de trabajo fijos;<\/li>\n<li>Existen opciones de soldadura y corte;<\/li>\n<\/ul>","protected":false},"featured_media":1854,"comment_status":"open","ping_status":"closed","template":"","meta":{"_uag_custom_page_level_css":"","_kad_post_transparent":"default","_kad_post_title":"","_kad_post_layout":"default","_kad_post_sidebar_id":"","_kad_post_content_style":"default","_kad_post_vertical_padding":"default","_kad_post_feature":"","_kad_post_feature_position":"","_kad_post_header":false,"_kad_post_footer":false,"_kad_post_classname":""},"product_brand":[],"product_cat":[38,25],"product_tag":[],"class_list":{"0":"post-899","1":"product","2":"type-product","3":"status-publish","4":"has-post-thumbnail","6":"product_cat-automation","7":"product_cat-procucts","9":"first","10":"instock","11":"shipping-taxable","12":"product-type-simple","13":"entry","14":"content-bg","15":"loop-entry"},"aioseo_notices":[],"uagb_featured_image_src":{"full":["https:\/\/huaruicnclaser.com\/wp-content\/uploads\/2024\/10\/\u5fae\u4fe1\u56fe\u7247_202207221108081.png",1200,526,false],"thumbnail":["https:\/\/huaruicnclaser.com\/wp-content\/uploads\/2024\/10\/\u5fae\u4fe1\u56fe\u7247_202207221108081-150x150.png",150,150,true],"medium":["https:\/\/huaruicnclaser.com\/wp-content\/uploads\/2024\/10\/\u5fae\u4fe1\u56fe\u7247_202207221108081-300x132.png",300,132,true],"medium_large":["https:\/\/huaruicnclaser.com\/wp-content\/uploads\/2024\/10\/\u5fae\u4fe1\u56fe\u7247_202207221108081-768x337.png",768,337,true],"large":["https:\/\/huaruicnclaser.com\/wp-content\/uploads\/2024\/10\/\u5fae\u4fe1\u56fe\u7247_202207221108081-1024x449.png",1024,449,true],"1536x1536":["https:\/\/huaruicnclaser.com\/wp-content\/uploads\/2024\/10\/\u5fae\u4fe1\u56fe\u7247_202207221108081.png",1200,526,false],"2048x2048":["https:\/\/huaruicnclaser.com\/wp-content\/uploads\/2024\/10\/\u5fae\u4fe1\u56fe\u7247_202207221108081.png",1200,526,false],"trp-custom-language-flag":["https:\/\/huaruicnclaser.com\/wp-content\/uploads\/2024\/10\/\u5fae\u4fe1\u56fe\u7247_202207221108081-18x8.png",18,8,true],"woocommerce_thumbnail":["https:\/\/huaruicnclaser.com\/wp-content\/uploads\/2024\/10\/\u5fae\u4fe1\u56fe\u7247_202207221108081-800x526.png",800,526,true],"woocommerce_single":["https:\/\/huaruicnclaser.com\/wp-content\/uploads\/2024\/10\/\u5fae\u4fe1\u56fe\u7247_202207221108081-800x351.png",800,351,true],"woocommerce_gallery_thumbnail":["https:\/\/huaruicnclaser.com\/wp-content\/uploads\/2024\/10\/\u5fae\u4fe1\u56fe\u7247_202207221108081-100x100.png",100,100,true]},"uagb_author_info":{"display_name":"hcaluminum01@gmail.com","author_link":"https:\/\/huaruicnclaser.com\/es\/author\/"},"uagb_comment_info":0,"uagb_excerpt":"Customize equipment of different sizes; The current maximum processing range is 4.5mx12m; we can configure workbenches for different purposes, such as rotary positioners, translational racks, orbital transmission tables and fixed workbenches; There are welding and cutting options;","_links":{"self":[{"href":"https:\/\/huaruicnclaser.com\/es\/wp-json\/wp\/v2\/product\/899","targetHints":{"allow":["GET"]}}],"collection":[{"href":"https:\/\/huaruicnclaser.com\/es\/wp-json\/wp\/v2\/product"}],"about":[{"href":"https:\/\/huaruicnclaser.com\/es\/wp-json\/wp\/v2\/types\/product"}],"replies":[{"embeddable":true,"href":"https:\/\/huaruicnclaser.com\/es\/wp-json\/wp\/v2\/comments?post=899"}],"wp:featuredmedia":[{"embeddable":true,"href":"https:\/\/huaruicnclaser.com\/es\/wp-json\/wp\/v2\/media\/1854"}],"wp:attachment":[{"href":"https:\/\/huaruicnclaser.com\/es\/wp-json\/wp\/v2\/media?parent=899"}],"wp:term":[{"taxonomy":"product_brand","embeddable":true,"href":"https:\/\/huaruicnclaser.com\/es\/wp-json\/wp\/v2\/product_brand?post=899"},{"taxonomy":"product_cat","embeddable":true,"href":"https:\/\/huaruicnclaser.com\/es\/wp-json\/wp\/v2\/product_cat?post=899"},{"taxonomy":"product_tag","embeddable":true,"href":"https:\/\/huaruicnclaser.com\/es\/wp-json\/wp\/v2\/product_tag?post=899"}],"curies":[{"name":"wp","href":"https:\/\/api.w.org\/{rel}","templated":true}]}}